{"id":22251,"date":"2025-03-14T11:53:05","date_gmt":"2025-03-14T15:53:05","guid":{"rendered":"https:\/\/organizersincanada.com\/reconnaissance\/"},"modified":"2025-03-14T11:59:38","modified_gmt":"2025-03-14T15:59:38","slug":"reconnaissance","status":"publish","type":"page","link":"https:\/\/organizersincanada.com\/fr\/a-propos\/reconnaissance\/","title":{"rendered":"Reconnaissance"},"content":{"rendered":"<h1 style=\"text-align: center;\"><strong>Reconnaissance<\/strong><\/h1>\n<p>Les OPC ont trois niveaux de reconnaissance pour les membres qui contribuent au succ\u00e8s de notre organisation et de l&#8217;industrie : Feuille d&#8217;argent, Feuille d&#8217;or et Feuille de platine.<\/p>\n<p>Le statut de feuille de platine reconna\u00eet nos membres d\u00e9vou\u00e9s qui sont aux OPC depuis 20 ans ou plus et qui demeurent impliqu\u00e9s dans les OPC d&#8217;une fa\u00e7on ou d&#8217;une autre.<\/p>\n<p><strong>Statut de la feuille d&#8217;argent<\/strong><\/p>\n<p><img loading=\"lazy\" decoding=\"async\" class=\"alignnone size-medium wp-image-22095 alignright\" src=\"https:\/\/organizersincanada.com\/wp-content\/uploads\/2025\/03\/1-300x300.png\" alt=\"\" width=\"300\" height=\"300\" srcset=\"https:\/\/organizersincanada.com\/wp-content\/uploads\/2025\/03\/1-300x300.png 300w, https:\/\/organizersincanada.com\/wp-content\/uploads\/2025\/03\/1-180x180.png 180w, https:\/\/organizersincanada.com\/wp-content\/uploads\/2025\/03\/1-150x150.png 150w, https:\/\/organizersincanada.com\/wp-content\/uploads\/2025\/03\/1-75x75.png 75w, https:\/\/organizersincanada.com\/wp-content\/uploads\/2025\/03\/1.png 500w\" sizes=\"auto, (max-width: 300px) 100vw, 300px\" \/><\/p>\n<p>Les organisateurs professionnels qui sont en affaires depuis au moins cinq ans et qui sont membres en r\u00e8gle des Organisateurs professionnels du Canada depuis au moins deux ans sont admissibles au statut Feuille d&#8217;argent*.<\/p>\n<p>Les membres qui se qualifient pour le statut Feuille d&#8217;argent re\u00e7oivent un certificat num\u00e9rique et une \u00e9pinglette num\u00e9rique, et ont le droit d&#8217;utiliser le logo Feuille d&#8217;argent sur leurs propres documents d&#8217;affaires. Ils sont \u00e9galement signal\u00e9s par une ic\u00f4ne sp\u00e9ciale dans les r\u00e9sultats de l&#8217;annuaire Trouver un Organisateur.<\/p>\n<p>*Les membres qui se joindront \u00e0 Professional Organizers in Canada le 1er janvier 2022 ou apr\u00e8s cette date devront \u00e9galement accumuler 35 points de service pour \u00eatre admissibles \u00e0 la feuille d&#8217;argent.<\/p>\n<a href=\"https:\/\/organizersincanada.com\/members\/silver-leaf-application\/\" class=\"su-button su-button-style-default\" style=\"color:#FFFFFF;background-color:#ef2d34;border-color:#c0242a;border-radius:5px\" target=\"_blank\" rel=\"noopener noreferrer\"><span style=\"color:#FFFFFF;padding:0px 16px;font-size:13px;line-height:26px;border-color:#f46c71;border-radius:5px;text-shadow:none\"> Demandez ici le statut de feuille d&#8217;argent<\/span><\/a>\n<p><strong>Statut de la feuille d&#8217;or<\/strong><\/p>\n<p><img loading=\"lazy\" decoding=\"async\" class=\"alignnone size-medium wp-image-22097 alignright\" src=\"https:\/\/organizersincanada.com\/wp-content\/uploads\/2025\/03\/2-300x300.png\" alt=\"\" width=\"300\" height=\"300\" srcset=\"https:\/\/organizersincanada.com\/wp-content\/uploads\/2025\/03\/2-300x300.png 300w, https:\/\/organizersincanada.com\/wp-content\/uploads\/2025\/03\/2-180x180.png 180w, https:\/\/organizersincanada.com\/wp-content\/uploads\/2025\/03\/2-150x150.png 150w, https:\/\/organizersincanada.com\/wp-content\/uploads\/2025\/03\/2-75x75.png 75w, https:\/\/organizersincanada.com\/wp-content\/uploads\/2025\/03\/2.png 500w\" sizes=\"auto, (max-width: 300px) 100vw, 300px\" \/><\/p>\n<p>Les organisateurs professionnels qui ont obtenu le statut Feuille d&#8217;argent, qui sont membres en r\u00e8gle de Professional Organizers in Canada depuis au moins dix ans et qui ont accumul\u00e9 100 points de service sont admissibles au statut Feuille d&#8217;or.<\/p>\n<p>Les membres qui obtiennent le statut Feuille d&#8217;or re\u00e7oivent un certificat et une \u00e9pinglette num\u00e9riques, b\u00e9n\u00e9ficient de remises et d&#8217;offres sp\u00e9ciales et ont le droit d&#8217;utiliser le logo Feuille d&#8217;or sur leurs propres documents commerciaux. Ils sont \u00e9galement signal\u00e9s par une ic\u00f4ne sp\u00e9ciale dans l&#8217;annuaire \u00ab Trouver un organisateur \u00bb.<\/p>\n<p>Le statut de feuille de platine reconna\u00eet les personnes qui sont membres des OPC depuis 20 ann\u00e9es cons\u00e9cutives ou plus, qui ont atteint le statut de feuille d&#8217;or et qui demeurent actives au sein de l&#8217;association et de l&#8217;industrie d&#8217;une fa\u00e7on ou d&#8217;une autre. Les membres \u00e9m\u00e9rites et les membres \u00e0 vie qui ne sont plus actifs au sein des OPC n&#8217;ont pas acc\u00e8s au statut de membre platine.<\/p>\n<p>Pour plus d&#8217;informations sur les statuts Feuille d&#8217;or, Feuille d&#8217;argent ou Feuille de platine, veuillez consulter la section correspondante sous l&#8217;onglet \u00ab Membres seulement \u00bb, ou contacter <a href=\"https:\/\/organizersincanada.com\/fr\/contact\/\">les services d&#8217;assistance aux membres<\/a>.<\/p>\n<a href=\"https:\/\/organizersincanada.com\/members\/gold-leaf-member-application\/\" class=\"su-button su-button-style-default\" style=\"color:#FFFFFF;background-color:#ef382d;border-color:#c02d24;border-radius:5px\" target=\"_blank\" rel=\"noopener noreferrer\"><span style=\"color:#FFFFFF;padding:0px 16px;font-size:13px;line-height:26px;border-color:#f4746c;border-radius:5px;text-shadow:none\"> Demandez ici le statut de feuille d&#8217;or<\/span><\/a>\n<p><strong><br \/>\nStatut de la feuille de platine<br \/>\n<\/strong><\/p>\n<p><img loading=\"lazy\" decoding=\"async\" class=\"alignnone size-medium wp-image-22101 alignright\" src=\"https:\/\/organizersincanada.com\/wp-content\/uploads\/2025\/03\/3-300x300.png\" alt=\"\" width=\"300\" height=\"300\" srcset=\"https:\/\/organizersincanada.com\/wp-content\/uploads\/2025\/03\/3-300x300.png 300w, https:\/\/organizersincanada.com\/wp-content\/uploads\/2025\/03\/3-180x180.png 180w, https:\/\/organizersincanada.com\/wp-content\/uploads\/2025\/03\/3-150x150.png 150w, https:\/\/organizersincanada.com\/wp-content\/uploads\/2025\/03\/3-75x75.png 75w, https:\/\/organizersincanada.com\/wp-content\/uploads\/2025\/03\/3.png 500w\" sizes=\"auto, (max-width: 300px) 100vw, 300px\" \/><\/p>\n<p>Les membres de la feuille de platine sont des partisans de longue date des OPC qui ont jou\u00e9 un r\u00f4le essentiel dans l&#8217;\u00e9volution de notre communaut\u00e9. Leur engagement a permis de soutenir et de d\u00e9velopper notre mission et d&#8217;avoir un impact durable sur notre association. Le statut de feuille de platine reconna\u00eet les personnes qui sont membres des OPC depuis 20 ann\u00e9es cons\u00e9cutives ou plus, qui ont atteint le statut de feuille d&#8217;or et qui demeurent actives au sein de l&#8217;association et de l&#8217;industrie d&#8217;une mani\u00e8re ou d&#8217;une autre.<\/p>\n<p>&nbsp;<\/p>\n<div class=\"su-spacer\" style=\"height:20px\"><\/div>\n<p><strong>Les membres des OPC ayant obtenu le statut de feuille d&#8217;argent, de feuille d&#8217;or ou de feuille de platine recevront<\/strong> :<\/p>\n<ul>\n<li>Une lettre de f\u00e9licitations<\/li>\n<li>Une reconnaissance sp\u00e9ciale dans POC Talk<\/li>\n<li>Un badge num\u00e9rique \u00ab feuille de platine \u00bb en guise de reconnaissance de leur accomplissement<\/li>\n<li>Un certificat num\u00e9rique indiquant la date \u00e0 laquelle le statut a \u00e9t\u00e9 accord\u00e9 (sign\u00e9 par le pr\u00e9sident)<\/li>\n<li>Fichiers \u00e9lectroniques du logo Feuille de platine \u00e0 utiliser sur des documents imprim\u00e9s ou promotionnels<\/li>\n<li>Identification du statut de Feuille de Platine dans l&#8217;annuaire des membres<\/li>\n<li>Avantages sp\u00e9ciaux lors de la conf\u00e9rence en personne ou du sommet virtuel<\/li>\n<\/ul>\n","protected":false},"excerpt":{"rendered":"<p>Reconnaissance Les OPC ont trois niveaux de reconnaissance pour les membres qui contribuent au succ\u00e8s de notre organisation et de l&#8217;industrie : Feuille d&#8217;argent, Feuille d&#8217;or et Feuille de platine. [&hellip;]<\/p>\n","protected":false},"author":2751,"featured_media":0,"parent":32,"menu_order":0,"comment_status":"closed","ping_status":"closed","template":"","meta":{"_acf_changed":false,"_genesis_hide_title":false,"_genesis_hide_breadcrumbs":false,"_genesis_hide_singular_image":false,"_genesis_hide_footer_widgets":false,"_genesis_custom_body_class":"","_genesis_custom_post_class":"","_genesis_layout":"","_price":"","_stock":"","_tribe_ticket_header":"","_tribe_default_ticket_provider":"","_tribe_ticket_capacity":"0","_ticket_start_date":"","_ticket_end_date":"","_tribe_ticket_show_description":"","_tribe_ticket_show_not_going":false,"_tribe_ticket_use_global_stock":"","_tribe_ticket_global_stock_level":"","_global_stock_mode":"","_global_stock_cap":"","_tribe_rsvp_for_event":"","_tribe_ticket_going_count":"","_tribe_ticket_not_going_count":"","_tribe_tickets_list":"[]","_tribe_ticket_has_attendee_info_fields":false,"footnotes":""},"class_list":["post-22251","page","type-page","status-publish","entry"],"acf":[],"_links":{"self":[{"href":"https:\/\/organizersincanada.com\/fr\/wp-json\/wp\/v2\/pages\/22251","targetHints":{"allow":["GET"]}}],"collection":[{"href":"https:\/\/organizersincanada.com\/fr\/wp-json\/wp\/v2\/pages"}],"about":[{"href":"https:\/\/organizersincanada.com\/fr\/wp-json\/wp\/v2\/types\/page"}],"author":[{"embeddable":true,"href":"https:\/\/organizersincanada.com\/fr\/wp-json\/wp\/v2\/users\/2751"}],"replies":[{"embeddable":true,"href":"https:\/\/organizersincanada.com\/fr\/wp-json\/wp\/v2\/comments?post=22251"}],"version-history":[{"count":0,"href":"https:\/\/organizersincanada.com\/fr\/wp-json\/wp\/v2\/pages\/22251\/revisions"}],"up":[{"embeddable":true,"href":"https:\/\/organizersincanada.com\/fr\/wp-json\/wp\/v2\/pages\/32"}],"wp:attachment":[{"href":"https:\/\/organizersincanada.com\/fr\/wp-json\/wp\/v2\/media?parent=22251"}],"curies":[{"name":"wp","href":"https:\/\/api.w.org\/{rel}","templated":true}]}}