{"id":25476,"date":"2026-03-08T12:36:11","date_gmt":"2026-03-08T16:36:11","guid":{"rendered":"https:\/\/organizersincanada.com\/informations-sur-le-cours-introduction-a-lorganisation-professionnelle\/"},"modified":"2026-04-13T21:27:12","modified_gmt":"2026-04-14T01:27:12","slug":"informations-sur-le-cours-normes-d-ethique-pour-les-membres-des-opc","status":"publish","type":"page","link":"https:\/\/organizersincanada.com\/fr\/informations-sur-le-cours-normes-d-ethique-pour-les-membres-des-opc\/","title":{"rendered":"Informations sur le cours: Normes d\u2019\u00e9thique pour les membres des OPC"},"content":{"rendered":"<div class=\"poc-course-page\" style=\"max-width: 900px; margin: 0 auto; padding: 0 16px;\">\n<p><img decoding=\"async\" class=\"aligncenter poc-course-header\" src=\"https:\/\/organizersincanada.com\/wp-content\/uploads\/2026\/04\/Ethique.png\" alt=\"\" \/><\/p>\n<p><!-- Intro --><\/p>\n<p style=\"margin: 0 0 18px 0; line-height: 1.7;\">B\u00e2tissez une entreprise en laquelle vos clients ont confiance et devenez l\u2019organisatrice que tout le monde recommande. Dans la profession de l\u2019organisation, la confiance est primordiale. Ce cours explore les fondements \u00e9thiques de l\u2019organisation professionnelle afin de vous aider non seulement \u00e0 \u00e9viter les faux pas, mais aussi \u00e0 d\u00e9velopper une entreprise prosp\u00e8re et reconnue. Plongez dans la prise de d\u00e9cision \u00e9thique, du respect des limites des clients au maintien de la confidentialit\u00e9. D\u00e9couvrez comment appliquer concr\u00e8tement le Code d\u2019\u00e9thique des OPC dans diff\u00e9rentes situations, et voyez comment un cadre \u00e9thique solide peut ouvrir la voie au succ\u00e8s.<\/p>\n<p><!-- Outcomes section --><\/p>\n<div style=\"margin-top: 10px; margin-bottom: 28px;\">\n<p><a style=\"display: inline-block; padding: 12px 24px; background: #C72328; color: #ffffff; border-radius: 6px; font-weight: 600; text-decoration: none; margin-bottom: 18px;\" href=\"#pricing\">S\u2019inscrire maintenant<\/a><\/p>\n<h2 style=\"color: #c72328; font-size: 1.35rem; font-weight: bold; margin: 26px 0 12px; line-height: 1.25;\">Ce cours vous aidera \u00e0 :<\/h2>\n<ul style=\"margin: 0 0 18px 22px; padding: 0;\">\n<li>\u00c9num\u00e9rer les avantages de l\u2019\u00e9thique et d\u2019une conduite \u00e9thique en organisation professionnelle<\/li>\n<li>D\u00e9finir l\u2019\u00e9thique et distinguer un comportement ill\u00e9gal d\u2019un comportement non<br \/>\n\u00e9thique<\/li>\n<li>Appliquer le code d\u2019\u00e9thique et les valeurs des OPC dans vos pratiques d\u2019affaires<\/li>\n<li>D\u00e9crire les six types de limites que vous rencontrerez avec les clients<\/li>\n<li>Expliquer le r\u00f4le du comit\u00e9 d\u2019\u00e9thique des OPC et la fa\u00e7on dont il soutient ses<br \/>\nmembres<\/li>\n<li>D\u00e9crire les types de demandes li\u00e9es \u00e0 l\u2019\u00e9thique et comprendre le processus de traitement des plaintes des OPC<\/li>\n<\/ul>\n<h2 style=\"color: #c72328; font-size: 1.35rem; font-weight: bold; margin: 26px 0 12px; line-height: 1.25;\">Pourquoi choisir ce cours ?<\/h2>\n<p>Ce cours est votre guide pour b\u00e2tir une entreprise d\u2019organisation \u00e9thique, durable et prosp\u00e8re. En comprenant et en respectant les normes \u00e9thiques les plus \u00e9lev\u00e9es, vous d\u00e9velopperez des relations durables avec vos clients, renforcerez votre r\u00e9putation professionnelle et gagnerez la confiance qui vient du fait de faire les choses de la bonne fa\u00e7on.<\/p>\n<div style=\"margin-top: 18px; overflow: auto;\">\n<div style=\"display: flex; align-items: flex-start; gap: 16px; margin-top: 18px;\">\n<p><img loading=\"lazy\" decoding=\"async\" class=\"\" style=\"flex-shrink: 0;\" src=\"https:\/\/organizersincanada.com\/wp-content\/uploads\/2026\/02\/two-2.png\" alt=\"\" width=\"313\" height=\"313\" \/><\/p>\n<p style=\"margin: 0; line-height: 1.6;\">Les cours identifi\u00e9s par cette ic\u00f4ne font partie des dix cours obligatoires pour \u00eatre admissible \u00e0<a href=\"https:\/\/organizersincanada.com\/fr\/formation-et-evenements\/programme-de-formation-en-organisation-professionnelle-fop\/\"> l\u2019examen du Programme de formation en organisation professionnelle (FOP)<\/a>. Ce cours fait \u00e9galement partie des trois cours obligatoires pour \u00eatre<a href=\"https:\/\/organizersincanada.com\/fr\/sorganiser\/trouver-un-organisateur\/\"> inscrite au r\u00e9pertoire des Organisateurs professionnels au Canada<\/a>.<\/p>\n<\/div>\n<\/div>\n<\/div>\n<p><!-- Testimonials --><\/p>\n<div style=\"background: rgba(199,35,40,0.08); padding: 32px 24px; border-radius: 8px; margin: 34px 0;\">\n<h2 style=\"color: #c72328; font-size: 1.35rem; font-weight: bold; margin: 0 0 14px; line-height: 1.25;\">Ce que les \u00e9tudiantes disent<\/h2>\n<div style=\"display: flex; flex-wrap: wrap; gap: 24px; margin-top: 20px;\">\n<div style=\"background: #ffffff; border-radius: 8px; padding: 20px; box-shadow: 0 4px 10px rgba(0,0,0,0.04); flex: 1 1 320px;\">\n<p style=\"margin: 0; font-size: 1rem; line-height: 1.6; font-style: italic;\">\u00ab Merci pour ce cours sur les normes d&#8217;\u00e9thique. Un rappel essentiel de l&#8217;importance de l&#8217;int\u00e9grit\u00e9, du respect et du professionnalisme dans notre pratique. Inspirant et structurant pour continuer \u00e0 grandir dans le r\u00f4le d&#8217;organisateur professionnel ! \u00bb<\/p>\n<\/div>\n<div style=\"background: #ffffff; border-radius: 8px; padding: 20px; box-shadow: 0 4px 10px rgba(0,0,0,0.04); flex: 1 1 320px;\">\n<p style=\"margin: 0; font-size: 1rem; line-height: 1.6; font-style: italic;\">\u00ab Merci, cette formation a mis en lumi\u00e8re des situations v\u00e9cues pour lesquelles j&#8217;ai eu des interrogations. Je comprends bien mieux l&#8217;intervention de l&#8217;organisatrice (\u2026) \u00bb<\/p>\n<\/div>\n<\/div>\n<\/div>\n<\/div>\n<p><!-- Presenter --><\/p>\n<h2 style=\"color: #c72328; font-size: 1.35rem; font-weight: bold; margin: 26px 0 12px; line-height: 1.25;\">Formatrice : Myl\u00e8ne Houle Morency<\/h2>\n<div style=\"display: flex; flex-wrap: wrap; gap: 20px; align-items: flex-start;\">\n<div style=\"flex: 0 0 180px;\"><img loading=\"lazy\" decoding=\"async\" style=\"max-width: 100%; height: auto; display: block;\" src=\"https:\/\/organizersincanada.com\/wp-content\/uploads\/2025\/09\/Mylene-Houle-Morency.png\" alt=\"Myl\u00e8ne Houle Morency\" width=\"225\" height=\"300\" \/><\/div>\n<div style=\"flex: 1 1 260px;\">\n<p style=\"margin-top: 0; text-align: left;\">Myl\u00e8ne Houle Morency est organisatrice professionnelle sp\u00e9cialis\u00e9e en organisation familiale depuis 2013 et est une membre de Feuille d&#8217;argent de l\u2019association des Organisateurs professionnels au Canada. Elle a si\u00e9g\u00e9 sur le comit\u00e9 \u00e9thique des OPC durant quatre ans et a re\u00e7u le prix Harold Taylor en 2021. Quand elle n&#8217;est pas en train de travailler on peut la trouver en ski de fond ou \u00e0 v\u00e9lo avec son mari ou encore dans sa voiture comme conductrice officielle de ses trois enfants \u00e0 leurs nombreuses activit\u00e9s!<\/p>\n<\/div>\n<\/div>\n<p><!-- Format --><\/p>\n<h2 style=\"color: #c72328; font-size: 1.35rem; font-weight: bold; margin: 26px 0 12px; line-height: 1.25;\">Format du cours<\/h2>\n<p style=\"margin: 0; line-height: 1.7;\">Ce cours est offert en ligne et comprend une vid\u00e9o ainsi qu\u2019un manuel. La vid\u00e9o dure environ une heure. Vous pouvez la mettre sur pause, revenir en arri\u00e8re et la visionner de nouveau afin de bien vous impr\u00e9gner du contenu. La vid\u00e9o contient trois mots-cl\u00e9s qui doivent \u00eatre soumis via la page du cours. Une fois les mots-cl\u00e9s transmis avec succ\u00e8s, votre dossier de formation indiquera que vous avez compl\u00e9t\u00e9 le cours. Le manuel complet comprend des activit\u00e9s, du mat\u00e9riel compl\u00e9mentaire et des ressources additionnelles.<\/p>\n<p><!-- Pricing anchor --><\/p>\n<div id=\"pricing\" style=\"position: relative; top: -120px;\"><\/div>\n<h2 style=\"color: #c72328; font-size: 1.35rem; font-weight: bold; margin: 30px 0 12px; line-height: 1.25;\">Investissement et inscription<\/h2>\n<div style=\"display: flex; flex-direction: column; gap: 14px; align-items: flex-start; margin-bottom: 10px;\">\n<p><a style=\"display: inline-block; min-width: 280px; padding: 12px 24px; background: #C72328; color: #ffffff !important; border-radius: 10px; font-weight: 600; text-decoration: none; text-align: center;\" href=\"https:\/\/organizersincanada.com\/fr\/paiement\/?add-to-cart=7926&#038;quantity=1\">Tarif membre 70 $<br \/>\n<\/a><\/p>\n<p><a style=\"display: inline-block; min-width: 280px; padding: 12px 24px; background: #C72328; color: #ffffff !important; border-radius: 10px; font-weight: 600; text-decoration: none; text-align: center;\" href=\"https:\/\/organizersincanada.com\/fr\/paiement\/?add-to-cart=23106&#038;quantity=1\">Tarif non-membre 98 $<br \/>\n<\/a><\/p>\n<\/div>\n<p style=\"margin: 0;\"><em>Les prix n\u2019incluent pas les taxes applicables.<\/em><\/p>\n","protected":false},"excerpt":{"rendered":"<p>B\u00e2tissez une entreprise en laquelle vos clients ont confiance et devenez l\u2019organisatrice que tout le monde recommande. Dans la profession de l\u2019organisation, la confiance est primordiale. Ce cours explore les [&hellip;]<\/p>\n","protected":false},"author":2751,"featured_media":0,"parent":0,"menu_order":0,"comment_status":"closed","ping_status":"closed","template":"","meta":{"_acf_changed":false,"_genesis_hide_title":false,"_genesis_hide_breadcrumbs":false,"_genesis_hide_singular_image":false,"_genesis_hide_footer_widgets":false,"_genesis_custom_body_class":"","_genesis_custom_post_class":"","_genesis_layout":"","_price":"","_stock":"","_tribe_ticket_header":"","_tribe_default_ticket_provider":"","_tribe_ticket_capacity":"","_ticket_start_date":"","_ticket_end_date":"","_tribe_ticket_show_description":"","_tribe_ticket_show_not_going":false,"_tribe_ticket_use_global_stock":"","_tribe_ticket_global_stock_level":"","_global_stock_mode":"","_global_stock_cap":"","_tribe_rsvp_for_event":"","_tribe_ticket_going_count":"","_tribe_ticket_not_going_count":"","_tribe_tickets_list":"[]","_tribe_ticket_has_attendee_info_fields":false,"footnotes":""},"class_list":["post-25476","page","type-page","status-publish","entry"],"acf":[],"_links":{"self":[{"href":"https:\/\/organizersincanada.com\/fr\/wp-json\/wp\/v2\/pages\/25476","targetHints":{"allow":["GET"]}}],"collection":[{"href":"https:\/\/organizersincanada.com\/fr\/wp-json\/wp\/v2\/pages"}],"about":[{"href":"https:\/\/organizersincanada.com\/fr\/wp-json\/wp\/v2\/types\/page"}],"author":[{"embeddable":true,"href":"https:\/\/organizersincanada.com\/fr\/wp-json\/wp\/v2\/users\/2751"}],"replies":[{"embeddable":true,"href":"https:\/\/organizersincanada.com\/fr\/wp-json\/wp\/v2\/comments?post=25476"}],"version-history":[{"count":0,"href":"https:\/\/organizersincanada.com\/fr\/wp-json\/wp\/v2\/pages\/25476\/revisions"}],"wp:attachment":[{"href":"https:\/\/organizersincanada.com\/fr\/wp-json\/wp\/v2\/media?parent=25476"}],"curies":[{"name":"wp","href":"https:\/\/api.w.org\/{rel}","templated":true}]}}