{"id":25479,"date":"2026-03-08T12:44:24","date_gmt":"2026-03-08T16:44:24","guid":{"rendered":"https:\/\/organizersincanada.com\/course-information-safety-practices-for-professional-organizers\/"},"modified":"2026-04-13T21:28:42","modified_gmt":"2026-04-14T01:28:42","slug":"informations-sur-le-cours-pratiques-de-securite-pour-organisateurs-professionnels","status":"publish","type":"page","link":"https:\/\/organizersincanada.com\/fr\/informations-sur-le-cours-pratiques-de-securite-pour-organisateurs-professionnels\/","title":{"rendered":"Informations sur le cours: Pratiques de s\u00e9curit\u00e9 pour organisatrices professionnelles"},"content":{"rendered":"<div class=\"poc-course-page\" style=\"max-width: 900px; margin: 0 auto; padding: 0 16px;\">\n<p><img decoding=\"async\" class=\"aligncenter poc-course-header\" src=\"https:\/\/organizersincanada.com\/wp-content\/uploads\/2026\/04\/Securite.png\" alt=\"Pratiques de s\u00e9curit\u00e9 pour organisatrices professionnelles\" \/><\/p>\n<p><!-- Intro --><\/p>\n<p style=\"margin: 0 0 18px 0; line-height: 1.7;\">Souhaitez-vous cr\u00e9er un environnement s\u00e9curitaire pour vous et vos clients, tout en prot\u00e9geant votre entreprise? Les accidents arrivent, mais avec les bonnes connaissances et une pr\u00e9paration ad\u00e9quate, vous pouvez r\u00e9duire les risques et assurer un environnement de travail s\u00e9curitaire. Ce cours vous permet de rep\u00e9rer et g\u00e9rer les dangers potentiels dans la profession de l\u2019organisation. D\u00e9veloppez votre capacit\u00e9 \u00e0 reconna\u00eetre les dangers visibles et invisibles, \u00e0 \u00e9tablir des limites de s\u00e9curit\u00e9 personnelles et \u00e0 mettre en place des pratiques essentielles en mati\u00e8re de s\u00e9curit\u00e9. De la gestion des urgences \u00e0 l\u2019utilisation d\u2019une bonne m\u00e9canique corporelle, vous gagnerez la confiance n\u00e9cessaire pour prot\u00e9ger votre personne, vos clients et votre entreprise.<\/p>\n<p><!-- Outcomes section --><\/p>\n<div style=\"margin-top: 10px; margin-bottom: 28px;\">\n<p><a style=\"display: inline-block; padding: 12px 24px; background: #C72328; color: #ffffff; border-radius: 6px; font-weight: 600; text-decoration: none; margin-bottom: 18px;\" href=\"#pricing\">S\u2019inscrire maintenant<\/a><\/p>\n<h2 style=\"color: #c72328; font-size: 1.35rem; font-weight: bold; margin: 26px 0 12px; line-height: 1.25;\">Ce cours vous aidera \u00e0 :<\/h2>\n<ul style=\"margin: 0 0 18px 22px; padding: 0;\">\n<li>Reconna\u00eetre les dangers visibles et savoir quand faire appel \u00e0 d\u2019autres experts<\/li>\n<li>Reconna\u00eetre les dangers subtils et invisibles<\/li>\n<li>Aider les clients \u00e0 identifier et corriger les dangers dans leur domicile ou leur bureau<\/li>\n<li>Planifier des r\u00e9ponses s\u00e9curitaires et appropri\u00e9es face \u00e0 divers dangers et situations d\u2019urgence<\/li>\n<li>Utiliser une liste de v\u00e9rification en s\u00e9curit\u00e9 pour rep\u00e9rer les risques potentiels<\/li>\n<li>\u00c9tablir des pratiques d\u2019affaires li\u00e9es aux enjeux de sant\u00e9 et s\u00e9curit\u00e9 personnels et environnementaux<\/li>\n<\/ul>\n<h2 style=\"color: #c72328; font-size: 1.35rem; font-weight: bold; margin: 26px 0 12px; line-height: 1.25;\">Pourquoi choisir ce cours ?<\/h2>\n<p style=\"margin: 0; line-height: 1.6; color: #6b7280;\">Ce cours est un investissement dans la p\u00e9rennit\u00e9 et le succ\u00e8s de votre entreprise en organisation. En priorisant la s\u00e9curit\u00e9, vous pr\u00e9viendrez non seulement les incidents potentiels, mais vous renforcerez \u00e9galement la confiance de vos clients et votre r\u00e9putation professionnelle. Vous apprendrez \u00e0 anticiper les risques, \u00e0 mettre en place des mesures pr\u00e9ventives et \u00e0 cr\u00e9er un environnement s\u00e9curitaire pour toutes les personnes impliqu\u00e9es.<\/p>\n<div style=\"margin-top: 18px; overflow: auto;\">\n<div style=\"display: flex; align-items: flex-start; gap: 16px; margin-top: 18px;\">\n<p><img loading=\"lazy\" decoding=\"async\" class=\"\" style=\"flex-shrink: 0;\" src=\"https:\/\/organizersincanada.com\/wp-content\/uploads\/2026\/02\/two-2.png\" alt=\"\" width=\"281\" height=\"281\" \/><\/p>\n<p style=\"margin: 0; line-height: 1.6;\">Les cours identifi\u00e9s par cette ic\u00f4ne font partie des dix cours obligatoires pour \u00eatre admissible \u00e0\u00a0<a href=\"https:\/\/organizersincanada.com\/fr\/formation-et-evenements\/programme-de-formation-en-organisation-professionnelle-fop\/\">l\u2019examen du Programme de formation en organisation professionnelle (FOP)<\/a>. Ce cours fait \u00e9galement partie des trois cours obligatoires pour \u00eatre <a href=\"https:\/\/organizersincanada.com\/fr\/sorganiser\/trouver-un-organisateur\/\">inscrite au r\u00e9pertoire des Organisateurs professionnels au Canada<\/a>.<\/p>\n<\/div>\n<\/div>\n<\/div>\n<p><!-- Testimonials --><\/p>\n<div style=\"background: rgba(199,35,40,0.08); padding: 32px 24px; border-radius: 8px; margin: 34px 0;\">\n<h2 style=\"color: #c72328; font-size: 1.35rem; font-weight: bold; margin: 0 0 14px; line-height: 1.25;\">Ce que les \u00e9tudiantes disent<\/h2>\n<div style=\"display: flex; flex-wrap: wrap; gap: 24px; margin-top: 20px;\">\n<div style=\"background: #ffffff; border-radius: 8px; padding: 20px; box-shadow: 0 4px 10px rgba(0,0,0,0.04); flex: 1 1 320px;\">\n<p style=\"margin: 0; font-size: 1rem; line-height: 1.6; font-style: italic;\">\u00ab (\u2026) Le manuel du cours est une v\u00e9ritable mine d&#8217;or. C&#8217;est une excellente r\u00e9f\u00e9rence que je pourrai consulter au besoin. Un outil de plus dans mon coffre d&#8217;organisatrice. Alison connait \u00e9norm\u00e9ment la mati\u00e8re, elle vulgarise bien le sujet. C&#8217;est rassurant de sentir que notre association se soucie de notre s\u00e9curit\u00e9. Je recommande que les membres refassent cette formation chaque ann\u00e9e! \u00bb<\/p>\n<\/div>\n<div style=\"background: #ffffff; border-radius: 8px; padding: 20px; box-shadow: 0 4px 10px rgba(0,0,0,0.04); flex: 1 1 320px;\">\n<p style=\"margin: 0; font-size: 1rem; line-height: 1.6; font-style: italic;\">\u00ab Un cours tr\u00e8s int\u00e9ressent. \u00c7a nous donne de bons exemples sur comment nous prot\u00e9ger. \u00bb<\/p>\n<\/div>\n<\/div>\n<\/div>\n<p><!-- Presenter --><\/p>\n<h2 style=\"color: #c72328; font-size: 1.35rem; font-weight: bold; margin: 26px 0 12px; line-height: 1.25;\">Formatrice : Alison Lush, ICD\u00ae Master Trainer, CPO-CD\u00ae, CPO\u00ae, CVPO&#x2122;, PPCC<\/h2>\n<div style=\"display: flex; flex-wrap: wrap; gap: 20px; align-items: flex-start;\">\n<div style=\"flex: 0 0 180px;\"><img loading=\"lazy\" decoding=\"async\" style=\"max-width: 100%; height: auto; display: block;\" src=\"https:\/\/organizersincanada.com\/wp-content\/uploads\/2025\/09\/AlisonLush.jpg\" alt=\"Alison Lush\" width=\"225\" height=\"300\" \/><\/div>\n<div style=\"flex: 1 1 260px;\">\n<p style=\"margin-top: 0; text-align: left;\">Alison Lush est membre de l\u2019association des Organisateurs professionnels au Canada depuis 2010. Elle est l\u2019ancienne pr\u00e9sidente de l\u2019Institute for Challenging Disorganization\u00ae, a \u00e9t\u00e9 directrice de la formation des OPC et pr\u00e9sidente de l\u2019\u00e9thique des OPC, et a \u00e9galement re\u00e7u en 2017 le prestigieux prix Harold Taylor des OPC pour sa contribution exceptionnelle \u00e0 la profession d\u2019organisatrice.<\/p>\n<p style=\"margin-top: 0; text-align: left;\">Conf\u00e9renci\u00e8re internationale, elle a offert des pr\u00e9sentations au Japon, au Royaume Uni, aux \u00c9tats-Unis, \u00e0 travers le Canada, ainsi qu\u2019en ligne devant des publics en France, en Italie, au Mexique et au Royaume-Uni. Alison a \u00e9t\u00e9 la premi\u00e8re organisatrice professionnelle certifi\u00e9e au Qu\u00e9bec et offre des services en fran\u00e7ais et en anglais \u00e0 des clients situ\u00e9s partout dans le monde. Alison compte plus de 100,000 adeptes sur sa plateforme TikTok d\u00e9di\u00e9e \u00e0 la d\u00e9sorganisation chronique.<\/p>\n<\/div>\n<\/div>\n<p><!-- Format --><\/p>\n<h2 style=\"color: #c72328; font-size: 1.35rem; font-weight: bold; margin: 26px 0 12px; line-height: 1.25;\">Format du cours<\/h2>\n<p style=\"margin: 0; line-height: 1.7;\">Ce cours est offert en ligne et comprend une vid\u00e9o ainsi qu\u2019un manuel. La vid\u00e9o dure environ une heure. Vous pouvez la mettre sur pause, revenir en arri\u00e8re et la visionner de nouveau afin de bien vous impr\u00e9gner du contenu. La vid\u00e9o contient trois mots-cl\u00e9s qui doivent \u00eatre soumis via la page du cours. Une fois les mots-cl\u00e9s transmis avec succ\u00e8s, votre dossier de formation indiquera que vous avez compl\u00e9t\u00e9 le cours. Le manuel complet comprend des activit\u00e9s, du mat\u00e9riel compl\u00e9mentaire et des ressources additionnelles.<\/p>\n<p><!-- Pricing anchor --><\/p>\n<div id=\"pricing\" style=\"position: relative; top: -120px;\"><\/div>\n<h2 style=\"color: #c72328; font-size: 1.35rem; font-weight: bold; margin: 30px 0 12px; line-height: 1.25;\">Investissement et inscription<\/h2>\n<div style=\"display: flex; flex-direction: column; gap: 14px; align-items: flex-start; margin-bottom: 10px;\">\n<p><a style=\"display: inline-block; min-width: 280px; padding: 12px 24px; background: #C72328; color: #ffffff !important; border-radius: 10px; font-weight: 600; text-decoration: none; text-align: center;\" href=\"https:\/\/organizersincanada.com\/fr\/paiement\/?add-to-cart=9370&#038;quantity=1\">Tarif membre 70 $<br \/>\n<\/a><\/p>\n<p><a style=\"display: inline-block; min-width: 280px; padding: 12px 24px; background: #C72328; color: #ffffff !important; border-radius: 10px; font-weight: 600; text-decoration: none; text-align: center;\" href=\"https:\/\/organizersincanada.com\/fr\/paiement\/?add-to-cart=23107&#038;quantity=1\">Tarif non-membre 98 $<br \/>\n<\/a><\/p>\n<\/div>\n<p style=\"margin: 0;\"><em>Les prix n\u2019incluent pas les taxes applicables.<\/em><\/p>\n<\/div>\n","protected":false},"excerpt":{"rendered":"<p>Souhaitez-vous cr\u00e9er un environnement s\u00e9curitaire pour vous et vos clients, tout en prot\u00e9geant votre entreprise? Les accidents arrivent, mais avec les bonnes connaissances et une pr\u00e9paration ad\u00e9quate, vous pouvez r\u00e9duire [&hellip;]<\/p>\n","protected":false},"author":2751,"featured_media":0,"parent":0,"menu_order":0,"comment_status":"closed","ping_status":"closed","template":"","meta":{"_acf_changed":false,"_genesis_hide_title":false,"_genesis_hide_breadcrumbs":false,"_genesis_hide_singular_image":false,"_genesis_hide_footer_widgets":false,"_genesis_custom_body_class":"","_genesis_custom_post_class":"","_genesis_layout":"","_price":"","_stock":"","_tribe_ticket_header":"","_tribe_default_ticket_provider":"","_tribe_ticket_capacity":"","_ticket_start_date":"","_ticket_end_date":"","_tribe_ticket_show_description":"","_tribe_ticket_show_not_going":false,"_tribe_ticket_use_global_stock":"","_tribe_ticket_global_stock_level":"","_global_stock_mode":"","_global_stock_cap":"","_tribe_rsvp_for_event":"","_tribe_ticket_going_count":"","_tribe_ticket_not_going_count":"","_tribe_tickets_list":"[]","_tribe_ticket_has_attendee_info_fields":false,"footnotes":""},"class_list":["post-25479","page","type-page","status-publish","entry"],"acf":[],"_links":{"self":[{"href":"https:\/\/organizersincanada.com\/fr\/wp-json\/wp\/v2\/pages\/25479","targetHints":{"allow":["GET"]}}],"collection":[{"href":"https:\/\/organizersincanada.com\/fr\/wp-json\/wp\/v2\/pages"}],"about":[{"href":"https:\/\/organizersincanada.com\/fr\/wp-json\/wp\/v2\/types\/page"}],"author":[{"embeddable":true,"href":"https:\/\/organizersincanada.com\/fr\/wp-json\/wp\/v2\/users\/2751"}],"replies":[{"embeddable":true,"href":"https:\/\/organizersincanada.com\/fr\/wp-json\/wp\/v2\/comments?post=25479"}],"version-history":[{"count":0,"href":"https:\/\/organizersincanada.com\/fr\/wp-json\/wp\/v2\/pages\/25479\/revisions"}],"wp:attachment":[{"href":"https:\/\/organizersincanada.com\/fr\/wp-json\/wp\/v2\/media?parent=25479"}],"curies":[{"name":"wp","href":"https:\/\/api.w.org\/{rel}","templated":true}]}}