{"id":25483,"date":"2026-03-08T12:51:29","date_gmt":"2026-03-08T16:51:29","guid":{"rendered":"https:\/\/organizersincanada.com\/informations-sur-le-cours-pratiques-et-limites-commerciales\/"},"modified":"2026-04-13T21:30:09","modified_gmt":"2026-04-14T01:30:09","slug":"informations-sur-le-cours-pratiques-et-limites-commerciales","status":"publish","type":"page","link":"https:\/\/organizersincanada.com\/fr\/informations-sur-le-cours-pratiques-et-limites-commerciales\/","title":{"rendered":"Informations sur le cours: Pratiques et limites commerciales"},"content":{"rendered":"<div class=\"poc-course-page\" style=\"max-width: 900px; margin: 0 auto; padding: 0 16px;\">\n<p><img decoding=\"async\" class=\"aligncenter poc-course-header\" src=\"https:\/\/organizersincanada.com\/wp-content\/uploads\/2026\/04\/Pratiques.png\" alt=\"\" \/><\/p>\n<p><!-- Intro --><\/p>\n<p style=\"margin: 0 0 18px 0; line-height: 1.7;\">Vous avez h\u00e2te de lancer votre entreprise en organisation et de la b\u00e2tir sur des bases solides? Ce cours est votre feuille de route pour prosp\u00e9rer dans l\u2019industrie de l\u2019organisation professionnelle. Vous saurez planifier votre entreprise, choisir la structure appropri\u00e9e et mettre en place les syst\u00e8mes et les limites n\u00e9cessaires pour soutenir un succ\u00e8s \u00e0 long terme. De l\u2019exploration des occasions d\u2019apprentissage au choix d\u2019un mod\u00e8le d\u2019affaires, en passant par la compr\u00e9hension des consid\u00e9rations juridiques, financi\u00e8res et op\u00e9rationnelles, vous acquerrez les outils essentiels pour cr\u00e9er une pratique d\u2019organisation durable et \u00e9panouissante.<\/p>\n<p><!-- Outcomes section --><\/p>\n<div style=\"margin-top: 10px; margin-bottom: 28px;\">\n<p><a style=\"display: inline-block; padding: 12px 24px; background: #C72328; color: #ffffff; border-radius: 6px; font-weight: 600; text-decoration: none; margin-bottom: 18px;\" href=\"#pricing\">S\u2019inscrire maintenant<\/a><\/p>\n<h2 style=\"color: #c72328; font-size: 1.35rem; font-weight: bold; margin: 26px 0 12px; line-height: 1.25;\">Ce cours vous aidera \u00e0 :<\/h2>\n<ul style=\"margin: 0 0 18px 22px; padding: 0;\">\n<li>Identifier et examiner les ressources de son entreprise<\/li>\n<li>Revoir ou commencer les premi\u00e8res \u00e9tapes de la cr\u00e9ation de son entreprise<\/li>\n<li>Comprendre les soutiens n\u00e9cessaires \u00e0 l\u2019exploitation d\u2019une entreprise prosp\u00e8re<\/li>\n<li>Compl\u00e9ter la liste de contr\u00f4le de la cr\u00e9ation d\u2019une entreprise<\/li>\n<li>Reconna\u00eetre et d\u00e9velopper les limites de son entreprise<\/li>\n<li>Identifier les facteurs \u00e0 consid\u00e9rer pour \u00e9tablir un calendrier de travail<\/li>\n<\/ul>\n<h2 style=\"color: #c72328; font-size: 1.35rem; font-weight: bold; margin: 26px 0 12px; line-height: 1.25;\">Pourquoi choisir ce cours ?<\/h2>\n<p style=\"margin: 0; line-height: 1.6; color: #6b7280;\">Dans ce cours, vous apprendrez \u00e0 prendre des d\u00e9cisions \u00e9clair\u00e9es, \u00e0 \u00e9tablir des limites appropri\u00e9es et \u00e0 b\u00e2tir une entreprise align\u00e9e avec vos valeurs et vos objectifs, une entreprise qui sert bien vos clients tout en soutenant votre \u00e9quilibre personnel et professionnel.<\/p>\n<div style=\"margin-top: 18px; overflow: auto;\">\n<p><img loading=\"lazy\" decoding=\"async\" class=\" wp-image-25482 alignleft\" src=\"https:\/\/organizersincanada.com\/wp-content\/uploads\/2026\/02\/1.png\" alt=\"\" width=\"75\" height=\"75\" \/><\/p>\n<p style=\"margin: 0; line-height: 1.6;\">Les cours identifi\u00e9s par cette ic\u00f4ne font partie des dix cours obligatoires requis pour \u00eatre admissible \u00e0 l\u2019examen du <a href=\"https:\/\/organizersincanada.com\/fr\/formation-et-evenements\/programme-de-formation-en-organisation-professionnelle-fop\/\"><i>Programme de formation en organisation professionnelle (FOP)<\/i><\/a>.<\/p>\n<\/div>\n<\/div>\n<p><!-- Testimonials --><\/p>\n<div style=\"background: rgba(199,35,40,0.08); padding: 32px 24px; border-radius: 8px; margin: 34px 0;\">\n<h2 style=\"color: #c72328; font-size: 1.35rem; font-weight: bold; margin: 0 0 14px; line-height: 1.25;\">Ce que les \u00e9tudiantes disent<\/h2>\n<div style=\"display: flex; flex-wrap: wrap; gap: 24px; margin-top: 20px;\">\n<div style=\"background: #ffffff; border-radius: 8px; padding: 20px; box-shadow: 0 4px 10px rgba(0,0,0,0.04); flex: 1 1 320px;\">\n<p style=\"margin: 0; font-size: 1rem; line-height: 1.6; font-style: italic;\">\u00ab Je retiens qu&#8217;il est important de prendre le temps de r\u00e9fl\u00e9chir et d&#8217;\u00e9tablir moi-m\u00eame mes limites professionnelles. Excellente r\u00e9flexion! \u00bb<\/p>\n<\/div>\n<div style=\"background: #ffffff; border-radius: 8px; padding: 20px; box-shadow: 0 4px 10px rgba(0,0,0,0.04); flex: 1 1 320px;\">\n<p style=\"margin: 0; font-size: 1rem; line-height: 1.6; font-style: italic;\">\u00ab Informations pertinentes et bien expliqu\u00e9es. J&#8217;ai aim\u00e9 la partie sur les diff\u00e9rentes d\u00e9penses \u00e0 consid\u00e9rer et comment commercialiser son entreprise. \u00bb<\/p>\n<\/div>\n<\/div>\n<\/div>\n<\/div>\n<p><!-- Presenter --><\/p>\n<h2 style=\"color: #c72328; font-size: 1.35rem; font-weight: bold; margin: 26px 0 12px; line-height: 1.25;\">Formatrice : St\u00e9phanie Galipeau<\/h2>\n<div style=\"display: flex; flex-wrap: wrap; gap: 20px; align-items: flex-start;\">\n<div style=\"flex: 0 0 180px;\"><img loading=\"lazy\" decoding=\"async\" style=\"max-width: 100%; height: auto; display: block;\" src=\"https:\/\/organizersincanada.com\/wp-content\/uploads\/2025\/09\/Stephanie-Gallipeau.png\" alt=\"St\u00e9phanie Galipeau\" width=\"225\" height=\"300\" \/><\/div>\n<div style=\"flex: 1 1 260px;\">\n<p style=\"margin-top: 0; text-align: left;\">S&#8217;organiser physiquement ou num\u00e9riquement n&#8217;a plus de secret pour St\u00e9phanie! Bacheli\u00e8re en gestion des affaires et gestionnaire pendant plus de 10 ans pour une grande firme qu\u00e9b\u00e9coise, elle a fond\u00e9 sa compagnie en 2015 pour faire une r\u00e9elle diff\u00e9rence dans la vie des gens.<\/p>\n<p style=\"margin-top: 0; text-align: left;\">Elle est une organisatrice professionnelle form\u00e9e par l\u2019association des Organisateurs professionnels au Canada et d\u00e9tient sa certification en productivit\u00e9 au travail avec la National Association of Productivity and Organizing Professionals. Elle a \u00e9t\u00e9 pr\u00e9sidente de la section de Montr\u00e9al des OPC de 2018 \u00e0 2022 et secr\u00e9taire de 2016 \u00e0 2018. Elle accompagne les entrepreneurs \u00e0 devenir plus efficaces avec leurs outils num\u00e9riques et leurs m\u00e9thodes de travail. Leader de la communaut\u00e9 Evernote, elle vise \u00e0 r\u00e9duire l&#8217;empreinte environnementale autour d&#8217;elle.<\/p>\n<\/div>\n<\/div>\n<p><!-- Format --><\/p>\n<h2 style=\"color: #c72328; font-size: 1.35rem; font-weight: bold; margin: 26px 0 12px; line-height: 1.25;\">Format du cours<\/h2>\n<p style=\"margin: 0; line-height: 1.7;\">Ce cours est offert en ligne et comprend une vid\u00e9o ainsi qu\u2019un manuel. La vid\u00e9o dure environ une heure. Vous pouvez la mettre sur pause, revenir en arri\u00e8re et la visionner de nouveau afin de bien vous impr\u00e9gner du contenu. La vid\u00e9o contient trois mots-cl\u00e9s qui doivent \u00eatre soumis via la page du cours. Une fois les mots-cl\u00e9s transmis avec succ\u00e8s, votre dossier de formation indiquera que vous avez compl\u00e9t\u00e9 le cours. Le manuel complet comprend des activit\u00e9s, du mat\u00e9riel compl\u00e9mentaire et des ressources additionnelles.<\/p>\n<p><!-- Pricing anchor --><\/p>\n<div id=\"pricing\" style=\"position: relative; top: -120px;\"><\/div>\n<h2 style=\"color: #c72328; font-size: 1.35rem; font-weight: bold; margin: 30px 0 12px; line-height: 1.25;\">Investissement et inscription<\/h2>\n<div style=\"display: flex; flex-direction: column; gap: 14px; align-items: flex-start; margin-bottom: 10px;\">\n<p><a style=\"display: inline-block; min-width: 280px; padding: 12px 24px; background: #C72328; color: #ffffff !important; border-radius: 10px; font-weight: 600; text-decoration: none; text-align: center;\" href=\"https:\/\/organizersincanada.com\/fr\/paiement\/?add-to-cart=10436&#038;quantity=1\">Tarif membre 70 $<br \/>\n<\/a><\/p>\n<p><a style=\"display: inline-block; min-width: 280px; padding: 12px 24px; background: #C72328; color: #ffffff !important; border-radius: 10px; font-weight: 600; text-decoration: none; text-align: center;\" href=\"https:\/\/organizersincanada.com\/fr\/paiement\/?add-to-cart=23108&#038;quantity=1\">Tarif non-membre 98 $<br \/>\n<\/a><\/p>\n<\/div>\n<p style=\"margin: 0;\"><em>Les prix n\u2019incluent pas les taxes applicables<\/em><\/p>\n","protected":false},"excerpt":{"rendered":"<p>Vous avez h\u00e2te de lancer votre entreprise en organisation et de la b\u00e2tir sur des bases solides? Ce cours est votre feuille de route pour prosp\u00e9rer dans l\u2019industrie de l\u2019organisation [&hellip;]<\/p>\n","protected":false},"author":2751,"featured_media":0,"parent":0,"menu_order":0,"comment_status":"closed","ping_status":"closed","template":"","meta":{"_acf_changed":false,"_genesis_hide_title":false,"_genesis_hide_breadcrumbs":false,"_genesis_hide_singular_image":false,"_genesis_hide_footer_widgets":false,"_genesis_custom_body_class":"","_genesis_custom_post_class":"","_genesis_layout":"","_price":"","_stock":"","_tribe_ticket_header":"","_tribe_default_ticket_provider":"","_tribe_ticket_capacity":"","_ticket_start_date":"","_ticket_end_date":"","_tribe_ticket_show_description":"","_tribe_ticket_show_not_going":false,"_tribe_ticket_use_global_stock":"","_tribe_ticket_global_stock_level":"","_global_stock_mode":"","_global_stock_cap":"","_tribe_rsvp_for_event":"","_tribe_ticket_going_count":"","_tribe_ticket_not_going_count":"","_tribe_tickets_list":"[]","_tribe_ticket_has_attendee_info_fields":false,"footnotes":""},"class_list":["post-25483","page","type-page","status-publish","entry"],"acf":[],"_links":{"self":[{"href":"https:\/\/organizersincanada.com\/fr\/wp-json\/wp\/v2\/pages\/25483","targetHints":{"allow":["GET"]}}],"collection":[{"href":"https:\/\/organizersincanada.com\/fr\/wp-json\/wp\/v2\/pages"}],"about":[{"href":"https:\/\/organizersincanada.com\/fr\/wp-json\/wp\/v2\/types\/page"}],"author":[{"embeddable":true,"href":"https:\/\/organizersincanada.com\/fr\/wp-json\/wp\/v2\/users\/2751"}],"replies":[{"embeddable":true,"href":"https:\/\/organizersincanada.com\/fr\/wp-json\/wp\/v2\/comments?post=25483"}],"version-history":[{"count":0,"href":"https:\/\/organizersincanada.com\/fr\/wp-json\/wp\/v2\/pages\/25483\/revisions"}],"wp:attachment":[{"href":"https:\/\/organizersincanada.com\/fr\/wp-json\/wp\/v2\/media?parent=25483"}],"curies":[{"name":"wp","href":"https:\/\/api.w.org\/{rel}","templated":true}]}}