{"id":25486,"date":"2026-03-08T12:58:16","date_gmt":"2026-03-08T16:58:16","guid":{"rendered":"https:\/\/organizersincanada.com\/course-information-organizing-tools-and-strategies\/"},"modified":"2026-04-13T21:31:28","modified_gmt":"2026-04-14T01:31:28","slug":"informations-sur-le-cours-outils-et-strategies-d-organisation","status":"publish","type":"page","link":"https:\/\/organizersincanada.com\/fr\/informations-sur-le-cours-outils-et-strategies-d-organisation\/","title":{"rendered":"Informations sur les cours: Outils et strat\u00e9gies d\u2019organisation"},"content":{"rendered":"<div class=\"poc-course-page\" style=\"max-width: 900px; margin: 0 auto; padding: 0 16px;\">\n<p><img decoding=\"async\" class=\"aligncenter poc-course-header\" src=\"https:\/\/organizersincanada.com\/wp-content\/uploads\/2026\/04\/Outils.png\" alt=\"\" \/><\/p>\n<p><!-- Intro --><\/p>\n<p style=\"margin: 0 0 18px 0; line-height: 1.7;\">Souhaitez-vous enrichir votre coffre \u00e0 outils pour r\u00e9ussir en organisation et cr\u00e9er des solutions qui correspondent r\u00e9ellement \u00e0 vos clients? Ce cours vous offre un aper\u00e7u complet des outils et strat\u00e9gies essentiels \u00e0 l\u2019organisation \u00e0 domicile. Vous apprendrez \u00e0 distinguer les fournitures d\u2019organisation, l\u2019\u00e9quipement et les produits, et \u00e0 s\u00e9lectionner les bons outils pour chaque projet. De l\u2019optimisation des espaces gr\u00e2ce aux bons produits \u00e0 la ma\u00eetrise de la gestion du temps et des papiers, vous d\u00e9velopperez l\u2019expertise n\u00e9cessaire pour adapter vos solutions aux besoins et aux pr\u00e9f\u00e9rences uniques de vos clients.<\/p>\n<p><!-- Outcomes --><\/p>\n<div style=\"margin-top: 10px; margin-bottom: 28px;\">\n<p><a style=\"display: inline-block; padding: 12px 24px; background: #C72328; color: #ffffff; border-radius: 6px; font-weight: 600; text-decoration: none; margin-bottom: 18px;\" href=\"#pricing\">S\u2019inscrire maintenant<\/a><\/p>\n<h2 style=\"color: #c72328; font-size: 1.35rem; font-weight: bold; margin: 26px 0 12px;\">Ce cours vous aidera \u00e0 :<\/h2>\n<ul style=\"margin: 0 0 18px 22px; padding: 0;\">\n<li>Identifier la diff\u00e9rence entre le mat\u00e9riel d\u2019organisation, l\u2019\u00e9quipement d\u2019organisation et les produits d\u2019organisation<\/li>\n<li>Compiler un ensemble appropri\u00e9 d\u2019outils \u00e0 apporter selon les diff\u00e9rents projets d&#8217;organisation<\/li>\n<li>Choisir les produits d\u2019organisation appropri\u00e9s<\/li>\n<li>Nommer les ressources cl\u00e9s \u00e0 ajouter au coffre \u00e0 outils d\u2019une organisatrice<\/li>\n<li>D\u00e9terminer les facteurs \u00e0 prendre en compte pour proposer une solution d&#8217;organisation \u00e0 un client Identifier d\u2019autres strat\u00e9gies et outils utiles pour la gestion du temps et des papiers<\/li>\n<li>Identifier d&#8217;autres strat\u00e9gies et outils qui peuvent aider \u00e0 la gestion du temps et des papiers<\/li>\n<\/ul>\n<h2 style=\"color: #c72328; font-size: 1.35rem; font-weight: bold; margin: 26px 0 12px;\">Pourquoi choisir ce cours ?<\/h2>\n<p style=\"margin: 0; line-height: 1.6; color: #6b7280;\">Ce cours vous outille pour vous adapter, innover et cr\u00e9er des strat\u00e9gies d\u2019organisation personnalis\u00e9es. Vous apprendrez \u00e0 faire preuve de cr\u00e9ativit\u00e9, \u00e0 choisir les bons outils et \u00e0 tenir compte de facteurs essentiels comme la qualit\u00e9 des produits, les pr\u00e9f\u00e9rences des clients et la durabilit\u00e9 environnementale, afin d\u2019offrir un service professionnel de haut niveau.<\/p>\n<div style=\"margin-top: 18px; overflow: auto;\">\n<p><img loading=\"lazy\" decoding=\"async\" class=\"alignleft\" src=\"https:\/\/organizersincanada.com\/wp-content\/uploads\/2026\/02\/1.png\" alt=\"\" width=\"65\" height=\"65\" \/><\/p>\n<p style=\"margin: 0; line-height: 1.6;\">Les cours identifi\u00e9s par cette ic\u00f4ne font partie des dix cours obligatoires requis pour \u00eatre admissible \u00e0 l\u2019examen du <a href=\"https:\/\/organizersincanada.com\/fr\/formation-et-evenements\/programme-de-formation-en-organisation-professionnelle-fop\/\"><i>Programme de formation en organisation professionnelle (FOP)<\/i><\/a>.<\/p>\n<\/div>\n<\/div>\n<p><!-- Testimonials --><\/p>\n<div style=\"background: rgba(199,35,40,0.08); padding: 32px 24px; border-radius: 8px; margin: 34px 0;\">\n<h2 style=\"color: #c72328; font-size: 1.35rem; font-weight: bold; margin: 0 0 14px;\">Ce que les \u00e9tudiantes disent<\/h2>\n<div style=\"display: flex; flex-wrap: wrap; gap: 24px; margin-top: 20px;\">\n<div style=\"background: #ffffff; border-radius: 8px; padding: 20px; box-shadow: 0 4px 10px rgba(0,0,0,0.04); flex: 1 1 320px;\">\n<p style=\"margin: 0; font-style: italic;\">\u00ab J&#8217;ai grandement appr\u00e9ci\u00e9 tous les d\u00e9tails formul\u00e9s dans cette formation (\u2026) \u00bb<\/p>\n<\/div>\n<div style=\"background: #ffffff; border-radius: 8px; padding: 20px; box-shadow: 0 4px 10px rgba(0,0,0,0.04); flex: 1 1 320px;\">\n<p style=\"margin: 0; font-style: italic;\">\u00ab J\u2019ai aim\u00e9 l\u2019accent mis sur l\u2019adaptabilit\u00e9 et le fait d\u2019\u00e9couter attentivement les besoins sp\u00e9cifiques des clients. \u00bb<\/p>\n<\/div>\n<\/div>\n<\/div>\n<\/div>\n<p><!-- Presenter --><\/p>\n<h2 style=\"color: #c72328; font-size: 1.35rem; font-weight: bold; margin: 26px 0 12px;\">Formatrice : Elizabeth Alescio<\/h2>\n<div style=\"display: flex; flex-wrap: wrap; gap: 20px; align-items: flex-start;\">\n<div style=\"flex: 0 0 180px;\"><img loading=\"lazy\" decoding=\"async\" class=\"alignnone size-medium wp-image-23762\" src=\"https:\/\/organizersincanada.com\/wp-content\/uploads\/2025\/09\/Elizabeth-Alescio-240x300.jpg\" alt=\"\" width=\"240\" height=\"300\" \/><\/div>\n<div style=\"flex: 1 1 260px;\">\n<p style=\"margin-top: 0; text-align: left;\">Elizabeth Alescio est organisatrice professionnelle depuis 2013, membre Feuille d\u2019argent et laur\u00e9ate du Prix Harold Taylor en 2023 de l\u2019association des Organisateurs professionnels au Canada. Apr\u00e8s avoir obtenu son baccalaur\u00e9at en commerce avec sp\u00e9cialisation en marketing de l\u2019Universit\u00e9 McGill, et ayant travaill\u00e9 plus de 10 ans dans le monde corporatif, elle a fond\u00e9 son entreprise Mlle Range-Tout en 2016, devenue maintenant Elizabeth Alescio, simplement!. Elle aide les gens \u00e0 d\u00e9sencombrer et simplifier toutes les sph\u00e8res de leur vie -\u00e0 la maison, au travail, dans leur vie personnelle et leur vie familiale.<\/p>\n<p style=\"margin-top: 0; text-align: left;\">\u00c9tant impliqu\u00e9e pendant quatre ans au sein du comit\u00e9 ex\u00e9cutif de la section de Montr\u00e9al et faisant actuellement partie du comit\u00e9 de la formation, Elizabeth contribue activement au d\u00e9veloppement de la profession.<\/p>\n<p style=\"margin-top: 0; text-align: left;\">En 2018, elle a co-fond\u00e9 la cha\u00eene YouTube SOS Rangement afin d\u2019offrir des astuces de rangement et d\u2019organisation \u00e0 la population francophone.<\/p>\n<\/div>\n<\/div>\n<p><!-- Format --><\/p>\n<h2 style=\"color: #c72328; font-size: 1.35rem; font-weight: bold; margin: 26px 0 12px;\">Format du cours<\/h2>\n<p style=\"margin: 0; line-height: 1.7;\">Ce cours est offert en ligne et comprend une vid\u00e9o ainsi qu\u2019un manuel. La vid\u00e9o dure environ une heure. Vous pouvez la mettre sur pause, revenir en arri\u00e8re et la visionner de nouveau afin de bien vous impr\u00e9gner du contenu. La vid\u00e9o contient trois mots-cl\u00e9s qui doivent \u00eatre soumis via la page du cours. Une fois les mots-cl\u00e9s transmis avec succ\u00e8s, votre dossier de formation indiquera que vous avez compl\u00e9t\u00e9 le cours. Le manuel complet comprend des activit\u00e9s, du mat\u00e9riel compl\u00e9mentaire et des ressources additionnelles.<\/p>\n<p><!-- Pricing anchor --><\/p>\n<div id=\"pricing\" style=\"position: relative; top: -120px;\"><\/div>\n<h2 style=\"color: #c72328; font-size: 1.35rem; font-weight: bold; margin: 30px 0 12px;\">Investissement et inscription<\/h2>\n<div style=\"display: flex; flex-direction: column; gap: 14px; align-items: flex-start; margin-bottom: 10px;\">\n<p><a style=\"display: inline-block; min-width: 280px; padding: 12px 24px; background: #C72328; color: #ffffff !important; border-radius: 10px; font-weight: 600; text-decoration: none; text-align: center;\" href=\"https:\/\/organizersincanada.com\/fr\/paiement\/?add-to-cart=12213&#038;quantity=1\">Tarif membre 70 $<br \/>\n<\/a><\/p>\n<p><a style=\"display: inline-block; min-width: 280px; padding: 12px 24px; background: #C72328; color: #ffffff !important; border-radius: 10px; font-weight: 600; text-decoration: none; text-align: center;\" href=\"https:\/\/organizersincanada.com\/fr\/paiement\/?add-to-cart=23109&#038;quantity=1\">Tarif non-membre 98 $<br \/>\n<\/a><\/p>\n<\/div>\n<p style=\"margin: 0;\"><em>Les prix n\u2019incluent pas les taxes applicables.<\/em><\/p>\n","protected":false},"excerpt":{"rendered":"<p>Souhaitez-vous enrichir votre coffre \u00e0 outils pour r\u00e9ussir en organisation et cr\u00e9er des solutions qui correspondent r\u00e9ellement \u00e0 vos clients? Ce cours vous offre un aper\u00e7u complet des outils et [&hellip;]<\/p>\n","protected":false},"author":2751,"featured_media":0,"parent":0,"menu_order":0,"comment_status":"closed","ping_status":"closed","template":"","meta":{"_acf_changed":false,"_genesis_hide_title":false,"_genesis_hide_breadcrumbs":false,"_genesis_hide_singular_image":false,"_genesis_hide_footer_widgets":false,"_genesis_custom_body_class":"","_genesis_custom_post_class":"","_genesis_layout":"","_price":"","_stock":"","_tribe_ticket_header":"","_tribe_default_ticket_provider":"","_tribe_ticket_capacity":"","_ticket_start_date":"","_ticket_end_date":"","_tribe_ticket_show_description":"","_tribe_ticket_show_not_going":false,"_tribe_ticket_use_global_stock":"","_tribe_ticket_global_stock_level":"","_global_stock_mode":"","_global_stock_cap":"","_tribe_rsvp_for_event":"","_tribe_ticket_going_count":"","_tribe_ticket_not_going_count":"","_tribe_tickets_list":"[]","_tribe_ticket_has_attendee_info_fields":false,"footnotes":""},"class_list":["post-25486","page","type-page","status-publish","entry"],"acf":[],"_links":{"self":[{"href":"https:\/\/organizersincanada.com\/fr\/wp-json\/wp\/v2\/pages\/25486","targetHints":{"allow":["GET"]}}],"collection":[{"href":"https:\/\/organizersincanada.com\/fr\/wp-json\/wp\/v2\/pages"}],"about":[{"href":"https:\/\/organizersincanada.com\/fr\/wp-json\/wp\/v2\/types\/page"}],"author":[{"embeddable":true,"href":"https:\/\/organizersincanada.com\/fr\/wp-json\/wp\/v2\/users\/2751"}],"replies":[{"embeddable":true,"href":"https:\/\/organizersincanada.com\/fr\/wp-json\/wp\/v2\/comments?post=25486"}],"version-history":[{"count":0,"href":"https:\/\/organizersincanada.com\/fr\/wp-json\/wp\/v2\/pages\/25486\/revisions"}],"wp:attachment":[{"href":"https:\/\/organizersincanada.com\/fr\/wp-json\/wp\/v2\/media?parent=25486"}],"curies":[{"name":"wp","href":"https:\/\/api.w.org\/{rel}","templated":true}]}}