{"id":25489,"date":"2026-03-08T13:02:19","date_gmt":"2026-03-08T17:02:19","guid":{"rendered":"https:\/\/organizersincanada.com\/course-information-finances-for-professional-organizers\/"},"modified":"2026-04-13T21:32:42","modified_gmt":"2026-04-14T01:32:42","slug":"informations-sur-le-cours-les-finances-pour-organisatrices-professionnelles","status":"publish","type":"page","link":"https:\/\/organizersincanada.com\/fr\/informations-sur-le-cours-les-finances-pour-organisatrices-professionnelles\/","title":{"rendered":"Informations sur le cours: Les finances pour organisatrices professionnelles"},"content":{"rendered":"<div class=\"poc-course-page\" style=\"max-width: 900px; margin: 0 auto; padding: 0 16px;\">\n<p><img loading=\"lazy\" decoding=\"async\" class=\"aligncenter poc-course-header\" src=\"https:\/\/organizersincanada.com\/wp-content\/uploads\/2026\/04\/FinancesFR.png\" alt=\"\" width=\"1023\" height=\"256\" \/><\/p>\n<p><!-- Intro --><\/p>\n<p style=\"margin: 0 0 18px 0; line-height: 1.7;\">Pr\u00eate \u00e0 prendre le contr\u00f4le des finances de votre entreprise et \u00e0 b\u00e2tir une carri\u00e8re rentable en organisation professionnelle? Ce cours est votre chemin vers la confiance financi\u00e8re dans l\u2019industrie de l\u2019organisation. Apprenez \u00e0 tarifer vos services de mani\u00e8re strat\u00e9gique, \u00e0 ma\u00eetriser les pratiques essentielles de facturation et \u00e0 \u00e9tablir des politiques financi\u00e8res solides. De la comptabilit\u00e9 de base \u00e0 la planification de votre avenir financier, vous acquerrez les connaissances et les comp\u00e9tences n\u00e9cessaires pour g\u00e9rer efficacement votre argent et positionner votre entreprise pour un succ\u00e8s \u00e0 long terme.<\/p>\n<p><!-- Outcomes --><\/p>\n<div style=\"margin-top: 10px; margin-bottom: 28px;\">\n<p><a style=\"display: inline-block; padding: 12px 24px; background: #C72328; color: #ffffff; border-radius: 6px; font-weight: 600; text-decoration: none; margin-bottom: 18px;\" href=\"#pricing\">S\u2019inscrire maintenant<\/a><\/p>\n<h2 style=\"color: #c72328; font-size: 1.35rem; font-weight: bold; margin: 26px 0 12px;\">Ce cours vous aidera \u00e0 :<\/h2>\n<ul style=\"margin: 0 0 18px 22px; padding: 0;\">\n<li>Identifier les facteurs \u00e0 prendre en compte lors de la d\u00e9finition de votre structure tarifaire<\/li>\n<li>Faire la diff\u00e9rence entre les heures facturables et les autres activit\u00e9s commerciales<\/li>\n<li>Identifier les co\u00fbts de d\u00e9marrage de base pour votre entreprise en organisation<\/li>\n<li>\u00c9valuer les pratiques des entreprises en mati\u00e8re de facturation<\/li>\n<li>\u00c9valuer les avantages et les inconv\u00e9nients li\u00e9s aux politiques de paiement<\/li>\n<li>\u00c9tudier les bases de la comptabilit\u00e9 pour votre entreprise<\/li>\n<\/ul>\n<h2 style=\"color: #c72328; font-size: 1.35rem; font-weight: bold; margin: 26px 0 12px;\">Pourquoi choisir ce cours ?<\/h2>\n<p style=\"margin: 0; line-height: 1.6; color: #6b7280;\">Ce cours vous fournit les connaissances financi\u00e8res et les outils n\u00e9cessaires pour cr\u00e9er une entreprise d\u2019organisation prosp\u00e8re. Vous apprendrez \u00e0 prendre des d\u00e9cisions financi\u00e8res judicieuses, \u00e0 g\u00e9rer efficacement votre flux de tr\u00e9sorerie et \u00e0 planifier avec confiance l\u2019avenir financier de votre entreprise.<\/p>\n<div style=\"margin-top: 18px; overflow: auto;\">\n<p><img loading=\"lazy\" decoding=\"async\" class=\"alignleft\" src=\"https:\/\/organizersincanada.com\/wp-content\/uploads\/2026\/02\/1.png\" alt=\"\" width=\"65\" height=\"65\" \/><\/p>\n<p style=\"margin: 0; line-height: 1.6;\">Les cours identifi\u00e9s par cette ic\u00f4ne font partie des dix cours obligatoires requis pour \u00eatre admissible \u00e0 l\u2019examen du <a href=\"https:\/\/organizersincanada.com\/fr\/formation-et-evenements\/programme-de-formation-en-organisation-professionnelle-fop\/\"><i>Programme de formation en organisation professionnelle (FOP)<\/i><\/a>.<\/p>\n<\/div>\n<\/div>\n<p><!-- Testimonials --><\/p>\n<div style=\"background: rgba(199,35,40,0.08); padding: 32px 24px; border-radius: 8px; margin: 34px 0;\">\n<h2 style=\"color: #c72328; font-size: 1.35rem; font-weight: bold; margin: 0 0 14px;\">Ce que les \u00e9tudiantes disent<\/h2>\n<div style=\"display: flex; flex-wrap: wrap; gap: 24px; margin-top: 20px;\">\n<div style=\"background: #ffffff; border-radius: 8px; padding: 20px; box-shadow: 0 4px 10px rgba(0,0,0,0.04); flex: 1 1 320px;\">\n<p style=\"margin: 0; font-style: italic;\">\u00ab WOW, dossier \u00e9pineux et toutefois tr\u00e8s bien d\u00e9taill\u00e9! Merci pour cet atelier qui aborde et d\u00e9mystifie le volet financier dans toute sa complexit\u00e9. \u00bb<\/p>\n<\/div>\n<div style=\"background: #ffffff; border-radius: 8px; padding: 20px; box-shadow: 0 4px 10px rgba(0,0,0,0.04); flex: 1 1 320px;\">\n<p style=\"margin: 0; font-style: italic;\">\u00ab J&#8217;ai appr\u00e9ci\u00e9 avoir des exemples et le contenu m&#8217;a permis de r\u00e9fl\u00e9chir au fonctionnement de la partie organisation de mon entreprise. Le contenu \u00e9tait pertinent, merci! \u00bb<\/p>\n<\/div>\n<\/div>\n<\/div>\n<\/div>\n<p><!-- Presenter --><\/p>\n<h2 style=\"color: #c72328; font-size: 1.35rem; font-weight: bold; margin: 26px 0 12px;\">Formatrice : Julie Fortin<\/h2>\n<div style=\"display: flex; flex-wrap: wrap; gap: 20px; align-items: flex-start;\">\n<div style=\"flex: 0 0 180px;\"><img loading=\"lazy\" decoding=\"async\" class=\"alignnone size-medium wp-image-23748\" src=\"https:\/\/organizersincanada.com\/wp-content\/uploads\/2025\/09\/Julie-Fortin-225x300.png\" alt=\"\" width=\"225\" height=\"300\" srcset=\"https:\/\/organizersincanada.com\/wp-content\/uploads\/2025\/09\/Julie-Fortin-225x300.png 225w, https:\/\/organizersincanada.com\/wp-content\/uploads\/2025\/09\/Julie-Fortin.png 525w\" sizes=\"auto, (max-width: 225px) 100vw, 225px\" \/><\/div>\n<div style=\"flex: 1 1 260px;\">\n<p style=\"margin-top: 0; text-align: left;\">Julie est membre des Organisateurs professionnels au Canada depuis 2012 et est membre Feuille d&#8217;argent. Elle a \u00e9t\u00e9 tr\u00e9sori\u00e8re, coordonnatrice des membres et secr\u00e9taire au sein du comit\u00e9 ex\u00e9cutif de la section d&#8217;Ottawa. Elle est \u00e9galement membre de l\u2019Institute for Challenging Disorganization\u00ae(ICD) depuis 2018 et est sp\u00e9cialiste de l\u2019accumulation compulsive et en TDAH, et d\u00e9tient huit certificats de niveau 1 avec l\u2019ICD. Elle travaille \u00e0 l&#8217;obtention de son certificat de coaching cognitivo-comportemental.<\/p>\n<p style=\"margin-top: 0; text-align: left;\">Julie est la fondatrice, l&#8217;organisatrice professionnelle principale et l\u2019experte en d\u00e9sencombrement de Bibitte Organis\u00e9e, o\u00f9 elle aide les clients qui sont chroniquement d\u00e9sorganis\u00e9s \u00e0 trouver la cause profonde du d\u00e9sordre. Elle est \u00e9galement directrice des op\u00e9rations de DOWell HT, o\u00f9 elle supervise les fonctions op\u00e9rationnelles quotidiennes de l&#8217;entreprise. Finalement, elle est une auteure publi\u00e9e, sp\u00e9cialis\u00e9e dans le d\u00e9sencombrement.<\/p>\n<\/div>\n<\/div>\n<p><!-- Format --><\/p>\n<h2 style=\"color: #c72328; font-size: 1.35rem; font-weight: bold; margin: 26px 0 12px;\">Format du cours<\/h2>\n<p style=\"margin: 0; line-height: 1.7;\">Ce cours est offert en ligne et comprend une vid\u00e9o ainsi qu\u2019un manuel. La vid\u00e9o dure environ une heure. Vous pouvez la mettre sur pause, revenir en arri\u00e8re et la visionner de nouveau afin de bien vous impr\u00e9gner du contenu. La vid\u00e9o contient trois mots-cl\u00e9s qui doivent \u00eatre soumis via la page du cours. Une fois les mots-cl\u00e9s transmis avec succ\u00e8s, votre dossier de formation indiquera que vous avez compl\u00e9t\u00e9 le cours. Le manuel complet comprend des activit\u00e9s, du mat\u00e9riel compl\u00e9mentaire et des ressources additionnelles.<\/p>\n<p><!-- Pricing anchor --><\/p>\n<div id=\"pricing\" style=\"position: relative; top: -120px;\"><\/div>\n<h2 style=\"color: #c72328; font-size: 1.35rem; font-weight: bold; margin: 30px 0 12px;\">Investissement et inscription<\/h2>\n<div style=\"display: flex; flex-direction: column; gap: 14px; align-items: flex-start; margin-bottom: 10px;\">\n<p><a style=\"display: inline-block; min-width: 280px; padding: 12px 24px; background: #C72328; color: #ffffff !important; border-radius: 10px; font-weight: 600; text-decoration: none; text-align: center;\" href=\"https:\/\/organizersincanada.com\/fr\/paiement\/?add-to-cart=12213&#038;quantity=1\">Tarif membre 70 $<br \/>\n<\/a><\/p>\n<p><a style=\"display: inline-block; min-width: 280px; padding: 12px 24px; background: #C72328; color: #ffffff !important; border-radius: 10px; font-weight: 600; text-decoration: none; text-align: center;\" href=\"https:\/\/organizersincanada.com\/fr\/paiement\/?add-to-cart=23109&#038;quantity=1\">Tarif non-membre 98 $<br \/>\n<\/a><\/p>\n<\/div>\n<p style=\"margin: 0;\"><em>Les prix n\u2019incluent pas les taxes applicables.<\/em><\/p>\n","protected":false},"excerpt":{"rendered":"<p>Pr\u00eate \u00e0 prendre le contr\u00f4le des finances de votre entreprise et \u00e0 b\u00e2tir une carri\u00e8re rentable en organisation professionnelle? Ce cours est votre chemin vers la confiance financi\u00e8re dans l\u2019industrie [&hellip;]<\/p>\n","protected":false},"author":2751,"featured_media":0,"parent":0,"menu_order":0,"comment_status":"closed","ping_status":"closed","template":"","meta":{"_acf_changed":false,"_genesis_hide_title":false,"_genesis_hide_breadcrumbs":false,"_genesis_hide_singular_image":false,"_genesis_hide_footer_widgets":false,"_genesis_custom_body_class":"","_genesis_custom_post_class":"","_genesis_layout":"","_price":"","_stock":"","_tribe_ticket_header":"","_tribe_default_ticket_provider":"","_tribe_ticket_capacity":"","_ticket_start_date":"","_ticket_end_date":"","_tribe_ticket_show_description":"","_tribe_ticket_show_not_going":false,"_tribe_ticket_use_global_stock":"","_tribe_ticket_global_stock_level":"","_global_stock_mode":"","_global_stock_cap":"","_tribe_rsvp_for_event":"","_tribe_ticket_going_count":"","_tribe_ticket_not_going_count":"","_tribe_tickets_list":"[]","_tribe_ticket_has_attendee_info_fields":false,"footnotes":""},"class_list":["post-25489","page","type-page","status-publish","entry"],"acf":[],"_links":{"self":[{"href":"https:\/\/organizersincanada.com\/fr\/wp-json\/wp\/v2\/pages\/25489","targetHints":{"allow":["GET"]}}],"collection":[{"href":"https:\/\/organizersincanada.com\/fr\/wp-json\/wp\/v2\/pages"}],"about":[{"href":"https:\/\/organizersincanada.com\/fr\/wp-json\/wp\/v2\/types\/page"}],"author":[{"embeddable":true,"href":"https:\/\/organizersincanada.com\/fr\/wp-json\/wp\/v2\/users\/2751"}],"replies":[{"embeddable":true,"href":"https:\/\/organizersincanada.com\/fr\/wp-json\/wp\/v2\/comments?post=25489"}],"version-history":[{"count":0,"href":"https:\/\/organizersincanada.com\/fr\/wp-json\/wp\/v2\/pages\/25489\/revisions"}],"wp:attachment":[{"href":"https:\/\/organizersincanada.com\/fr\/wp-json\/wp\/v2\/media?parent=25489"}],"curies":[{"name":"wp","href":"https:\/\/api.w.org\/{rel}","templated":true}]}}