{"id":25492,"date":"2026-03-08T13:08:05","date_gmt":"2026-03-08T17:08:05","guid":{"rendered":"https:\/\/organizersincanada.com\/course-information-the-assessment\/"},"modified":"2026-04-13T21:34:05","modified_gmt":"2026-04-14T01:34:05","slug":"informations-sur-le-cours-evaluation-initiale-et-analyse-des-besoins","status":"publish","type":"page","link":"https:\/\/organizersincanada.com\/fr\/informations-sur-le-cours-evaluation-initiale-et-analyse-des-besoins\/","title":{"rendered":"Informations sur le cours: \u00c9valuation initiale et analyse des besoins"},"content":{"rendered":"<div class=\"poc-course-page\" style=\"max-width: 900px; margin: 0 auto; padding: 0 16px;\">\n<p><img decoding=\"async\" class=\"aligncenter poc-course-header\" src=\"https:\/\/organizersincanada.com\/wp-content\/uploads\/2026\/04\/Evalutation.png\" alt=\"\" \/><\/p>\n<p><!-- Intro --><\/p>\n<p style=\"margin: 0 0 18px 0; line-height: 1.7;\">Vous souhaitez transformer avec confiance les premi\u00e8res demandes en relations durables avec vos clients et en projets d\u2019organisation r\u00e9ussis? Ce cours vous permet d\u2019\u00e9tablir des relations solides avec vos clients d\u00e8s le premier contact. D\u00e9celez les cinq \u00e9tapes essentielles pour guider un client potentiel vers un \u00ab oui \u00bb, depuis le premier contact jusqu\u2019\u00e0 l\u2019accord final. Vous d\u00e9couvrirez comment recueillir efficacement les informations, r\u00e9aliser des visites productives sur place ou virtuelles, pr\u00e9parer des estimations convaincantes et \u00e9tablir des ententes claires. En ma\u00eetrisant ces comp\u00e9tences d\u2019\u00e9valuation, vous poserez les bases de projets d\u2019organisation r\u00e9ussis et de clients satisfaits.<\/p>\n<p><!-- Outcomes --><\/p>\n<div style=\"margin-top: 10px; margin-bottom: 28px;\">\n<p><a style=\"display: inline-block; padding: 12px 24px; background: #C72328; color: #ffffff; border-radius: 6px; font-weight: 600; text-decoration: none; margin-bottom: 18px;\" href=\"#pricing\">S\u2019inscrire maintenant<\/a><\/p>\n<h2 style=\"color: #c72328; font-size: 1.35rem; font-weight: bold; margin: 26px 0 12px;\">Ce cours vous aidera \u00e0 :<\/h2>\n<ul style=\"margin: 0 0 18px 22px; padding: 0;\">\n<li>\u00c9num\u00e9rer les cinq \u00e9tapes impliqu\u00e9es dans la s\u00e9curisation d\u2019un client en organisation professionnelle<\/li>\n<li>Auto-\u00e9valuer vos qualifications en lien avec les cinq raisons pour lesquelles les gens demandent de l\u2019aide<\/li>\n<li>Auto-\u00e9valuer votre capacit\u00e9 \u00e0 jouer les r\u00f4les associ\u00e9s au travail d\u2019organisatrice professionnelle<\/li>\n<li>\u00c9valuer les raisons qui vous feraient d\u00e9cliner une occasion de travail d\u2019organisation<\/li>\n<li>Mettre en place une proc\u00e9dure pour adapter les attentes li\u00e9es \u00e0 un projet lorsque la chronologie est affect\u00e9e<\/li>\n<\/ul>\n<h2 style=\"color: #c72328; font-size: 1.35rem; font-weight: bold; margin: 26px 0 12px;\">Pourquoi choisir ce cours ?<\/h2>\n<p style=\"margin: 0; line-height: 1.6; color: #6b7280;\">Cette feuille de route pour b\u00e2tir des relations solides avec vos clients vous fournit les comp\u00e9tences et la confiance n\u00e9cessaires pour interagir efficacement avec les clients potentiels, comprendre leurs besoins et \u00e9tablir les bases d\u2019une relation de travail r\u00e9ussie. Vous apprendrez \u00e0 faire une premi\u00e8re impression positive, \u00e0 recueillir des informations essentielles et \u00e0 guider vos clients dans le processus d\u00e9cisionnel, ce qui m\u00e8nera ultimement \u00e0 plus de mandats et \u00e0 des projets r\u00e9ussis.<\/p>\n<div style=\"margin-top: 18px; overflow: auto;\">\n<p><img loading=\"lazy\" decoding=\"async\" class=\"alignleft\" src=\"https:\/\/organizersincanada.com\/wp-content\/uploads\/2026\/02\/1.png\" alt=\"\" width=\"65\" height=\"65\" \/><\/p>\n<p style=\"margin: 0; line-height: 1.6;\">Les cours identifi\u00e9s par cette ic\u00f4ne font partie des dix cours obligatoires requis pour \u00eatre admissible \u00e0 l\u2019examen du <a href=\"https:\/\/organizersincanada.com\/fr\/formation-et-evenements\/programme-de-formation-en-organisation-professionnelle-fop\/\"><i>Programme de formation en organisation professionnelle (FOP)<\/i><\/a>.<\/p>\n<\/div>\n<\/div>\n<p><!-- Testimonials --><\/p>\n<div style=\"background: rgba(199,35,40,0.08); padding: 32px 24px; border-radius: 8px; margin: 34px 0;\">\n<h2 style=\"color: #c72328; font-size: 1.35rem; font-weight: bold; margin: 0 0 14px;\">Ce que les \u00e9tudiantes disent<\/h2>\n<div style=\"display: flex; flex-wrap: wrap; gap: 24px; margin-top: 20px;\">\n<div style=\"background: #ffffff; border-radius: 8px; padding: 20px; box-shadow: 0 4px 10px rgba(0,0,0,0.04); flex: 1 1 320px;\">\n<p style=\"margin: 0; font-style: italic;\">\u00ab Dynamique, souriante, invitante et explicite! J\u2019ai ador\u00e9. Merci. \u00bb<\/p>\n<\/div>\n<div style=\"background: #ffffff; border-radius: 8px; padding: 20px; box-shadow: 0 4px 10px rgba(0,0,0,0.04); flex: 1 1 320px;\">\n<p style=\"margin: 0; font-style: italic;\">\u00ab (\u2026) Apr\u00e8s ce cours, j\u2019ai confiance que je serai pr\u00eate pour cette nouvelle aventure. \u00bb<\/p>\n<\/div>\n<\/div>\n<\/div>\n<\/div>\n<p><!-- Presenter --><\/p>\n<h2 style=\"color: #c72328; font-size: 1.35rem; font-weight: bold; margin: 26px 0 12px;\">Formatrice : Edith Dandenault<\/h2>\n<div style=\"display: flex; flex-wrap: wrap; gap: 20px; align-items: flex-start;\">\n<div style=\"flex: 0 0 180px;\"><img loading=\"lazy\" decoding=\"async\" class=\"alignnone size-medium wp-image-23760\" src=\"https:\/\/organizersincanada.com\/wp-content\/uploads\/2025\/09\/EdithDandenault-225x300.png\" alt=\"\" width=\"225\" height=\"300\" \/><\/div>\n<div style=\"flex: 1 1 260px;\">\n<p>Edith est membre de l\u2019association des Organisateurs professionnels au Canada depuis 2005 et formatrice de cours depuis 2018. Elle est une enseignante certifi\u00e9e, titulaire d\u2019une licence en \u00e9ducation, et poss\u00e8de une grande exp\u00e9rience en enseignement dans plusieurs langues. Elle est \u00e9galement titulaire d\u2019une ma\u00eetrise en linguistique et psychologie appliqu\u00e9es.<\/p>\n<p>Edith aide ses clients \u00e0 g\u00e9rer les transitions et ainsi \u00e0 mieux comprendre la psychologie de la s\u00e9paration, du deuil et de la perte. Elle a \u00e9t\u00e9 organisatrice dans six pays diff\u00e9rents, employant six langues diff\u00e9rentes \u00e0 travers le monde. Elle a cr\u00e9\u00e9 les outils n\u00e9cessaires pour soutenir et expliquer pleinement ce que nous faisons en tant qu\u2019organisatrices. Chaque heure d\u2019\u00e9tude avec elle vous rapprochera de votre objectif d\u2019une carri\u00e8re \u00e9panouissante en tant qu\u2019organisatrice professionnelle.<\/p>\n<\/div>\n<\/div>\n<p><!-- Format --><\/p>\n<h2 style=\"color: #c72328; font-size: 1.35rem; font-weight: bold; margin: 26px 0 12px;\">Format du cours<\/h2>\n<p style=\"margin: 0; line-height: 1.7;\">Ce cours est offert en ligne et comprend une vid\u00e9o ainsi qu\u2019un manuel. La vid\u00e9o dure environ une heure. Vous pouvez la mettre sur pause, revenir en arri\u00e8re et la visionner de nouveau afin de bien vous impr\u00e9gner du contenu. La vid\u00e9o contient trois mots-cl\u00e9s qui doivent \u00eatre soumis via la page du cours. Une fois les mots-cl\u00e9s transmis avec succ\u00e8s, votre dossier de formation indiquera que vous avez compl\u00e9t\u00e9 le cours. Le manuel complet comprend des activit\u00e9s, du mat\u00e9riel compl\u00e9mentaire et des ressources additionnelles.<\/p>\n<p><!-- Pricing anchor --><\/p>\n<div id=\"pricing\" style=\"position: relative; top: -120px;\"><\/div>\n<h2 style=\"color: #c72328; font-size: 1.35rem; font-weight: bold; margin: 30px 0 12px;\">Investissement et inscription<\/h2>\n<div style=\"display: flex; flex-direction: column; gap: 14px; align-items: flex-start; margin-bottom: 10px;\">\n<p><a style=\"display: inline-block; min-width: 280px; padding: 12px 24px; background: #C72328; color: #ffffff !important; border-radius: 10px; font-weight: 600; text-decoration: none; text-align: center;\" href=\"https:\/\/organizersincanada.com\/fr\/paiement\/?add-to-cart=13160&#038;quantity=1\">Tarif membre 70 $<br \/>\n<\/a><\/p>\n<p><a style=\"display: inline-block; min-width: 280px; padding: 12px 24px; background: #C72328; color: #ffffff !important; border-radius: 10px; font-weight: 600; text-decoration: none; text-align: center;\" href=\"https:\/\/organizersincanada.com\/fr\/paiement\/?add-to-cart=23111&#038;quantity=1\">Tarif non-membre 98 $<br \/>\n<\/a><\/p>\n<\/div>\n<p style=\"margin: 0;\"><em>Les prix n\u2019incluent pas les taxes applicables.<\/em><\/p>\n","protected":false},"excerpt":{"rendered":"<p>Vous souhaitez transformer avec confiance les premi\u00e8res demandes en relations durables avec vos clients et en projets d\u2019organisation r\u00e9ussis? Ce cours vous permet d\u2019\u00e9tablir des relations solides avec vos clients [&hellip;]<\/p>\n","protected":false},"author":2751,"featured_media":0,"parent":0,"menu_order":0,"comment_status":"closed","ping_status":"closed","template":"","meta":{"_acf_changed":false,"_genesis_hide_title":false,"_genesis_hide_breadcrumbs":false,"_genesis_hide_singular_image":false,"_genesis_hide_footer_widgets":false,"_genesis_custom_body_class":"","_genesis_custom_post_class":"","_genesis_layout":"","_price":"","_stock":"","_tribe_ticket_header":"","_tribe_default_ticket_provider":"","_tribe_ticket_capacity":"","_ticket_start_date":"","_ticket_end_date":"","_tribe_ticket_show_description":"","_tribe_ticket_show_not_going":false,"_tribe_ticket_use_global_stock":"","_tribe_ticket_global_stock_level":"","_global_stock_mode":"","_global_stock_cap":"","_tribe_rsvp_for_event":"","_tribe_ticket_going_count":"","_tribe_ticket_not_going_count":"","_tribe_tickets_list":"[]","_tribe_ticket_has_attendee_info_fields":false,"footnotes":""},"class_list":["post-25492","page","type-page","status-publish","entry"],"acf":[],"_links":{"self":[{"href":"https:\/\/organizersincanada.com\/fr\/wp-json\/wp\/v2\/pages\/25492","targetHints":{"allow":["GET"]}}],"collection":[{"href":"https:\/\/organizersincanada.com\/fr\/wp-json\/wp\/v2\/pages"}],"about":[{"href":"https:\/\/organizersincanada.com\/fr\/wp-json\/wp\/v2\/types\/page"}],"author":[{"embeddable":true,"href":"https:\/\/organizersincanada.com\/fr\/wp-json\/wp\/v2\/users\/2751"}],"replies":[{"embeddable":true,"href":"https:\/\/organizersincanada.com\/fr\/wp-json\/wp\/v2\/comments?post=25492"}],"version-history":[{"count":0,"href":"https:\/\/organizersincanada.com\/fr\/wp-json\/wp\/v2\/pages\/25492\/revisions"}],"wp:attachment":[{"href":"https:\/\/organizersincanada.com\/fr\/wp-json\/wp\/v2\/media?parent=25492"}],"curies":[{"name":"wp","href":"https:\/\/api.w.org\/{rel}","templated":true}]}}