{"id":25498,"date":"2026-03-08T13:16:03","date_gmt":"2026-03-08T17:16:03","guid":{"rendered":"https:\/\/organizersincanada.com\/informations-sur-le-cours-organisation-residentielle\/"},"modified":"2026-04-13T21:36:49","modified_gmt":"2026-04-14T01:36:49","slug":"informations-sur-le-cours-organisation-residentielle","status":"publish","type":"page","link":"https:\/\/organizersincanada.com\/fr\/informations-sur-le-cours-organisation-residentielle\/","title":{"rendered":"Informations sur le cours: Organisation r\u00e9sidentielle"},"content":{"rendered":"<div class=\"poc-course-page\" style=\"max-width: 900px; margin: 0 auto; padding: 0 16px;\">\n<p><img decoding=\"async\" class=\"aligncenter poc-course-header\" src=\"https:\/\/organizersincanada.com\/wp-content\/uploads\/2026\/04\/Residentielle.png\" alt=\"\" \/><\/p>\n<p><!-- Intro --><\/p>\n<p style=\"margin: 0 0 18px 0; line-height: 1.7;\">Apprenez \u00e0 transformer les domiciles de vos clients en mettant en place des solutions personnalis\u00e9es qui cr\u00e9ent des espaces organis\u00e9s et fonctionnels. Ce cours explore les sp\u00e9cificit\u00e9s de l\u2019organisation r\u00e9sidentielle, en approfondissant le processus d\u2019organisation que vous avez \u00e9tudi\u00e9 dans le cours Introduction \u00e0 l\u2019organisation professionnelle. \u00c0 travers des \u00e9tudes de cas, vous apprendrez \u00e0 \u00e9valuer les besoins des clients, \u00e0 cr\u00e9er des plans sur mesure et \u00e0 mettre en \u0153uvre des solutions d\u2019organisation efficaces. De la compr\u00e9hension des cycles d\u2019accumulation \u00e0 la ma\u00eetrise des strat\u00e9gies de maintien, vous d\u00e9velopperez l\u2019expertise n\u00e9cessaire pour guider vos clients vers des maisons organis\u00e9es et fonctionnelles.<\/p>\n<p><!-- Outcomes --><\/p>\n<div style=\"margin-top: 10px; margin-bottom: 28px;\">\n<p><a style=\"display: inline-block; padding: 12px 24px; background: #C72328; color: #ffffff; border-radius: 6px; font-weight: 600; text-decoration: none; margin-bottom: 18px;\" href=\"#pricing\">S\u2019inscrire maintenant<\/a><\/p>\n<h2 style=\"color: #c72328; font-size: 1.35rem; font-weight: bold; margin: 26px 0 12px;\">Ce cours vous aidera \u00e0 :<\/h2>\n<ul style=\"margin: 0 0 18px 22px; padding: 0;\">\n<li>\u00c9valuer les besoins en mati\u00e8re de rangement et les espaces disponibles dans une maison r\u00e9sidentielle<\/li>\n<li>Identifier les \u00e9tapes du cycle d&#8217;accumulation<\/li>\n<li>\u00c9laborer un plan de s\u00e9ances et de t\u00e2ches pour divers clients du secteur de l\u2019organisation r\u00e9sidentielle<\/li>\n<li>Ajuster les plans pour tenir compte des difficult\u00e9s rencontr\u00e9es dans le processus d&#8217;organisation r\u00e9sidentielle<\/li>\n<li>Int\u00e9grer des strat\u00e9gies de maintien et des modifications \u00e0 un syst\u00e8me d&#8217;organisation r\u00e9sidentielle<\/li>\n<li>\u00c9num\u00e9rer les avantages d&#8217;une maison bien organis\u00e9e<\/li>\n<\/ul>\n<h2 style=\"color: #c72328; font-size: 1.35rem; font-weight: bold; margin: 26px 0 12px;\">Pourquoi choisir ce cours ?<\/h2>\n<p style=\"margin: 0; line-height: 1.6; color: #6b7280;\">Ce cours vous fournit les connaissances sp\u00e9cialis\u00e9es et les comp\u00e9tences pratiques pour aborder avec confiance votre parcours en organisation r\u00e9sidentielle. Gr\u00e2ce \u00e0 l\u2019\u00e9tude d\u00e9taill\u00e9e de cas concrets et de strat\u00e9gies \u00e9prouv\u00e9es, vous apprendrez \u00e0 cr\u00e9er des solutions personnalis\u00e9es, \u00e0 relever les d\u00e9fis des clients et \u00e0 offrir des r\u00e9sultats transformateurs qui am\u00e9liorent leur vie quotidienne.<\/p>\n<div style=\"margin-top: 18px; overflow: auto;\">\n<p><img loading=\"lazy\" decoding=\"async\" class=\"alignleft\" src=\"https:\/\/organizersincanada.com\/wp-content\/uploads\/2026\/02\/1.png\" alt=\"\" width=\"65\" height=\"65\" \/><\/p>\n<p style=\"margin: 0; line-height: 1.6;\">Les cours identifi\u00e9s par cette ic\u00f4ne font partie des dix cours obligatoires requis pour \u00eatre admissible \u00e0 l\u2019examen du <a href=\"https:\/\/organizersincanada.com\/fr\/formation-et-evenements\/programme-de-formation-en-organisation-professionnelle-fop\/\"><i>Programme de formation en organisation professionnelle (FOP)<\/i><\/a>.<\/p>\n<\/div>\n<\/div>\n<p><!-- Testimonials --><\/p>\n<div style=\"background: rgba(199,35,40,0.08); padding: 32px 24px; border-radius: 8px; margin: 34px 0;\">\n<h2 style=\"color: #c72328; font-size: 1.35rem; font-weight: bold; margin: 0 0 14px;\">Ce que les \u00e9tudiantes disent<\/h2>\n<div style=\"display: flex; flex-wrap: wrap; gap: 24px; margin-top: 20px;\">\n<div style=\"background: #ffffff; border-radius: 8px; padding: 20px; box-shadow: 0 4px 10px rgba(0,0,0,0.04); flex: 1 1 320px;\">\n<p style=\"margin: 0; font-style: italic;\">\u00ab Cours tr\u00e8s complet, la formatrice a su bien communiquer le sujet. Merci ! \u00bb<\/p>\n<\/div>\n<div style=\"background: #ffffff; border-radius: 8px; padding: 20px; box-shadow: 0 4px 10px rgba(0,0,0,0.04); flex: 1 1 320px;\">\n<p style=\"margin: 0; font-style: italic;\">\u00ab Tr\u00e8s bonne formatrice. Sa passion se faisait sentir. Bonne information et j&#8217;ai bien aim\u00e9 les exemples de cas. \u00bb<\/p>\n<\/div>\n<\/div>\n<\/div>\n<p><!-- Presenter --><\/p>\n<h2 style=\"color: #c72328; font-size: 1.35rem; font-weight: bold; margin: 26px 0 12px;\">Formatrice : St\u00e9phanie Barab\u00e9<\/h2>\n<div style=\"display: flex; flex-wrap: wrap; gap: 20px; align-items: flex-start;\">\n<div style=\"flex: 0 0 180px;\"><img loading=\"lazy\" decoding=\"async\" style=\"max-width: 100%; height: auto; display: block;\" src=\"https:\/\/organizersincanada.com\/wp-content\/uploads\/2025\/09\/Stephanie-Barabe-.png\" alt=\"St\u00e9phanie Barab\u00e9\" width=\"225\" height=\"300\" \/><\/div>\n<div style=\"flex: 1 1 260px;\">\n<p style=\"margin-top: 0; text-align: left;\">St\u00e9phanie est propri\u00e9taire et fondatrice de St\u00e9Zen, une entreprise sp\u00e9cialis\u00e9e dans le d\u00e9sencombrement, l&#8217;organisation physique et num\u00e9rique, l&#8217;aide au d\u00e9m\u00e9nagement et le coaching en organisation. Elle est membre de l\u2019association des Organisateurs professionnels au Canada et s\u2019implique dans le comit\u00e9 ex\u00e9cutif de la section de Montr\u00e9al depuis 2022.<\/p>\n<p style=\"margin-top: 0; text-align: left;\">La mission de St\u00e9phanie en tant qu\u2019organisatrice professionnelle est de contribuer au bien-\u00eatre int\u00e9rieur de ses clients en cr\u00e9ant une harmonie dans leur environnement. Sa devise est la suivante : Lib\u00e9rer l&#8217;espace&#8230; Lib\u00e9rer l&#8217;esprit!<\/p>\n<\/div>\n<\/div>\n<p><!-- Format --><\/p>\n<h2 style=\"color: #c72328; font-size: 1.35rem; font-weight: bold; margin: 26px 0 12px;\">Format du cours<\/h2>\n<p style=\"margin: 0; line-height: 1.7;\">Ce cours est offert en ligne et comprend une vid\u00e9o ainsi qu\u2019un manuel. La vid\u00e9o dure environ une heure. Vous pouvez la mettre sur pause, revenir en arri\u00e8re et la visionner de nouveau afin de bien vous impr\u00e9gner du contenu. La vid\u00e9o contient trois mots-cl\u00e9s qui doivent \u00eatre soumis via la page du cours. Une fois les mots-cl\u00e9s transmis avec succ\u00e8s, votre dossier de formation indiquera que vous avez compl\u00e9t\u00e9 le cours. Le manuel complet comprend des activit\u00e9s, du mat\u00e9riel compl\u00e9mentaire et des ressources additionnelles.<\/p>\n<p><!-- Pricing anchor --><\/p>\n<div id=\"pricing\" style=\"position: relative; top: -120px;\"><\/div>\n<h2 style=\"color: #c72328; font-size: 1.35rem; font-weight: bold; margin: 30px 0 12px;\">Investissement et inscription<\/h2>\n<div style=\"display: flex; flex-direction: column; gap: 14px; align-items: flex-start; margin-bottom: 10px;\">\n<p><a style=\"display: inline-block; min-width: 280px; padding: 12px 24px; background: #C72328; color: #ffffff !important; border-radius: 10px; font-weight: 600; text-decoration: none; text-align: center;\" href=\"https:\/\/organizersincanada.com\/fr\/paiement\/?add-to-cart=15529&#038;quantity=1\">Tarif membre 70 $<br \/>\n<\/a><\/p>\n<p><a style=\"display: inline-block; min-width: 280px; padding: 12px 24px; background: #C72328; color: #ffffff !important; border-radius: 10px; font-weight: 600; text-decoration: none; text-align: center;\" href=\"https:\/\/organizersincanada.com\/fr\/paiement\/?add-to-cart=23113&#038;quantity=1\">Tarif non-membre 98 $<br \/>\n<\/a><\/p>\n<\/div>\n<p style=\"margin: 0;\"><em>Les prix n\u2019incluent pas les taxes applicables.<\/em><\/p>\n<\/div>\n","protected":false},"excerpt":{"rendered":"<p>Apprenez \u00e0 transformer les domiciles de vos clients en mettant en place des solutions personnalis\u00e9es qui cr\u00e9ent des espaces organis\u00e9s et fonctionnels. Ce cours explore les sp\u00e9cificit\u00e9s de l\u2019organisation r\u00e9sidentielle, [&hellip;]<\/p>\n","protected":false},"author":2751,"featured_media":0,"parent":0,"menu_order":0,"comment_status":"closed","ping_status":"closed","template":"","meta":{"_acf_changed":false,"_genesis_hide_title":false,"_genesis_hide_breadcrumbs":false,"_genesis_hide_singular_image":false,"_genesis_hide_footer_widgets":false,"_genesis_custom_body_class":"","_genesis_custom_post_class":"","_genesis_layout":"","_price":"","_stock":"","_tribe_ticket_header":"","_tribe_default_ticket_provider":"","_tribe_ticket_capacity":"","_ticket_start_date":"","_ticket_end_date":"","_tribe_ticket_show_description":"","_tribe_ticket_show_not_going":false,"_tribe_ticket_use_global_stock":"","_tribe_ticket_global_stock_level":"","_global_stock_mode":"","_global_stock_cap":"","_tribe_rsvp_for_event":"","_tribe_ticket_going_count":"","_tribe_ticket_not_going_count":"","_tribe_tickets_list":"[]","_tribe_ticket_has_attendee_info_fields":false,"footnotes":""},"class_list":["post-25498","page","type-page","status-publish","entry"],"acf":[],"_links":{"self":[{"href":"https:\/\/organizersincanada.com\/fr\/wp-json\/wp\/v2\/pages\/25498","targetHints":{"allow":["GET"]}}],"collection":[{"href":"https:\/\/organizersincanada.com\/fr\/wp-json\/wp\/v2\/pages"}],"about":[{"href":"https:\/\/organizersincanada.com\/fr\/wp-json\/wp\/v2\/types\/page"}],"author":[{"embeddable":true,"href":"https:\/\/organizersincanada.com\/fr\/wp-json\/wp\/v2\/users\/2751"}],"replies":[{"embeddable":true,"href":"https:\/\/organizersincanada.com\/fr\/wp-json\/wp\/v2\/comments?post=25498"}],"version-history":[{"count":0,"href":"https:\/\/organizersincanada.com\/fr\/wp-json\/wp\/v2\/pages\/25498\/revisions"}],"wp:attachment":[{"href":"https:\/\/organizersincanada.com\/fr\/wp-json\/wp\/v2\/media?parent=25498"}],"curies":[{"name":"wp","href":"https:\/\/api.w.org\/{rel}","templated":true}]}}