{"id":25510,"date":"2026-03-08T13:31:30","date_gmt":"2026-03-08T17:31:30","guid":{"rendered":"https:\/\/organizersincanada.com\/informations-sur-le-cours-productivite-gestion-du-temps-pour-organisatrices-professionnelles\/"},"modified":"2026-04-13T21:42:12","modified_gmt":"2026-04-14T01:42:12","slug":"informations-sur-le-cours-productivite-gestion-du-temps-pour-op","status":"publish","type":"page","link":"https:\/\/organizersincanada.com\/fr\/informations-sur-le-cours-productivite-gestion-du-temps-pour-op\/","title":{"rendered":"Informations sur le cours: Productivit\u00e9 &amp; gestion du temps pour organisatrices professionnelles"},"content":{"rendered":"<div class=\"poc-course-page\" style=\"max-width: 900px; margin: 0 auto; padding: 0 16px;\">\n<p><img decoding=\"async\" class=\"aligncenter poc-course-header\" src=\"https:\/\/organizersincanada.com\/wp-content\/uploads\/2026\/04\/Productivite.png\" alt=\"\" \/><\/p>\n<p><!-- Intro --><\/p>\n<p style=\"margin: 0 0 18px 0; line-height: 1.7;\">Pr\u00eate \u00e0 faire passer votre entreprise en organisation au niveau sup\u00e9rieur en ma\u00eetrisant la productivit\u00e9 et la gestion du temps, pour vous-m\u00eame et pour vos clients? Optimisez votre efficacit\u00e9 et votre performance en tant qu\u2019organisatrice professionnelle gr\u00e2ce \u00e0 ce cours. Prenez le contr\u00f4le de votre charge mentale, g\u00e9rez vos t\u00e2ches avec efficacit\u00e9 et ma\u00eetrisez des outils de gestion puissants. De l\u2019\u00e9tablissement des priorit\u00e9s \u00e0 la mise en place de strat\u00e9gies de planification, vous d\u00e9velopperez les connaissances et les techniques n\u00e9cessaires pour maximiser votre productivit\u00e9 et atteindre vos objectifs d\u2019affaires.<\/p>\n<p><!-- Outcomes --><\/p>\n<div style=\"margin-top: 10px; margin-bottom: 28px;\">\n<p><a style=\"display: inline-block; padding: 12px 24px; background: #C72328; color: #ffffff; border-radius: 6px; font-weight: 600; text-decoration: none; margin-bottom: 18px;\" href=\"#pricing\">S\u2019inscrire maintenant<\/a><\/p>\n<h2 style=\"color: #c72328; font-size: 1.35rem; font-weight: bold; margin: 26px 0 12px;\">Ce cours vous aidera \u00e0 :<\/h2>\n<ul style=\"margin: 0 0 18px 22px; padding: 0;\">\n<li>Distinguer productivit\u00e9, efficacit\u00e9 et efficience<\/li>\n<li>Connecter l\u2019efficience aux trois cycles de pens\u00e9e<\/li>\n<li>\u00c9laborer une liste de strat\u00e9gies pour g\u00e9rer les t\u00e2ches<\/li>\n<li>Connecter les strat\u00e9gies de gestion des t\u00e2ches aux outils de gestion des t\u00e2ches<\/li>\n<li>Int\u00e9grer des strat\u00e9gies d&#8217;\u00e9tablissement de priorit\u00e9s et de planification pour cr\u00e9er de l&#8217;efficience<\/li>\n<li>\u00c9laborer une liste de strat\u00e9gies pour surmonter les principales lois de la gestion du temps<\/li>\n<\/ul>\n<h2 style=\"color: #c72328; font-size: 1.35rem; font-weight: bold; margin: 26px 0 12px;\">Pourquoi choisir ce cours ?<\/h2>\n<p style=\"margin: 0; line-height: 1.6; color: #6b7280;\">Ce cours pr\u00e9sente les strat\u00e9gies et les outils n\u00e9cessaires pour am\u00e9liorer votre productivit\u00e9 et simplifier votre flux de travail. Vous apprendrez \u00e0 travailler plus intelligemment, et non plus longtemps, afin d\u2019offrir des r\u00e9sultats exceptionnels \u00e0 vos clients tout en atteignant un meilleur \u00e9quilibre entre votre vie professionnelle et personnelle.<\/p>\n<div style=\"margin-top: 18px; overflow: auto;\">\n<p><img loading=\"lazy\" decoding=\"async\" class=\"alignleft\" src=\"https:\/\/organizersincanada.com\/wp-content\/uploads\/2026\/02\/4.png\" alt=\"\" width=\"65\" height=\"65\" \/><\/p>\n<p style=\"margin: 0; line-height: 1.6;\">Les cours identifi\u00e9s par cette ic\u00f4ne sont des cours au choix. Deux cours au choix sont requis pour \u00eatre admissible \u00e0 l\u2019examen du <a href=\"https:\/\/organizersincanada.com\/fr\/formation-et-evenements\/programme-de-formation-en-organisation-professionnelle-fop\/\"><i>Programme de formation en organisation professionnelle (FOP)<\/i><\/a>.<\/p>\n<\/div>\n<\/div>\n<p><!-- Testimonials --><\/p>\n<div style=\"background: rgba(199,35,40,0.08); padding: 32px 24px; border-radius: 8px; margin: 34px 0;\">\n<h2 style=\"color: #c72328; font-size: 1.35rem; font-weight: bold; margin: 0 0 14px;\">Ce que les \u00e9tudiantes disent<\/h2>\n<div style=\"display: flex; flex-wrap: wrap; gap: 24px; margin-top: 20px;\">\n<div style=\"background: #ffffff; border-radius: 8px; padding: 20px; box-shadow: 0 4px 10px rgba(0,0,0,0.04); flex: 1 1 320px;\">\n<p style=\"margin: 0; font-style: italic;\">\u00ab Super cours! J\u2019ai beaucoup aim\u00e9 les diff\u00e9rentes lois de productivit\u00e9 pr\u00e9sent\u00e9es. J\u2019aime aussi l\u2019id\u00e9e d\u2019avaler son crapaud en premier! \u00bb<\/p>\n<\/div>\n<div style=\"background: #ffffff; border-radius: 8px; padding: 20px; box-shadow: 0 4px 10px rgba(0,0,0,0.04); flex: 1 1 320px;\">\n<p style=\"margin: 0; font-style: italic;\">\u00ab Je r\u00e9alise que je perds moi-m\u00eame beaucoup de temps chaque jour, je vais d\u00e9finitivement mettre en pratique les diff\u00e9rents trucs et concepts. \u00bb<\/p>\n<\/div>\n<\/div>\n<\/div>\n<\/div>\n<p><!-- Presenter --><\/p>\n<h2 style=\"color: #c72328; font-size: 1.35rem; font-weight: bold; margin: 26px 0 12px;\">Formatrice : Nathalie Bureau<\/h2>\n<div style=\"display: flex; flex-wrap: wrap; gap: 20px; align-items: flex-start;\">\n<div style=\"flex: 0 0 180px;\"><img loading=\"lazy\" decoding=\"async\" class=\"alignnone size-medium wp-image-23740\" src=\"https:\/\/organizersincanada.com\/wp-content\/uploads\/2025\/09\/Nathalie-Bureau-300x255.jpg\" alt=\"\" width=\"300\" height=\"255\" \/><\/div>\n<div style=\"flex: 1 1 260px;\">\n<p>Nathalie est passionn\u00e9e par la vie, l&#8217;organisation et la productivit\u00e9!\u00a0 Propri\u00e9taire de Nathalie Bureau &#8211; Experte en gestion du temps | Conf\u00e9renci\u00e8re | Coach, une entreprise au service d&#8217;autres entreprises, elle aide ses clients \u00e0 \u00e9voluer dans un environnement fonctionnel \u00e0 l\u2019aide de bonnes m\u00e9thodes de travail. Outre son activit\u00e9 de coaching, elle parcourt le monde pour donner des conf\u00e9rences inspirantes et proposer des formations recherch\u00e9es, en fran\u00e7ais, en anglais et en espagnol.<\/p>\n<p>Depuis la publication de son livre intitul\u00e9 L&#8217;art de l&#8217;organisation en 2008, son expertise a \u00e9t\u00e9 sollicit\u00e9e par des m\u00e9dias francophones et anglophones tels que Ch\u00e2telaine, Coup de Pouce, Le Soleil, Investment Executive, TD Bank Group et Toronto Sun. Nathalie a \u00e9galement collabor\u00e9 \u00e0 plusieurs \u00e9missions de radio et de t\u00e9l\u00e9vision en tant que consultante invit\u00e9e en gestion du temps et a \u00e9t\u00e9 chroniqueuse r\u00e9guli\u00e8re sur diverses stations de radio. Elle a \u00e9t\u00e9 l&#8217;animatrice de sa propre \u00e9mission de t\u00e9l\u00e9vision sur l&#8217;organisation pendant 3 ans.<\/p>\n<p>Membre de la Feuille d&#8217;or et r\u00e9cipiendaire du Prix Harold Taylor, Nathalie a rejoint les OPC en 2008 o\u00f9 elle a offert r\u00e9guli\u00e8rement du temps de b\u00e9n\u00e9volat. Parmi ses contributions \u00e0 l&#8217;association, citons: traduction, responsable du divertissement au sein du Comit\u00e9 du congr\u00e8s national, responsable de l\u2019infolettre pour la section virtuelle, vice-pr\u00e9sidente, pr\u00e9sidente et pr\u00e9sidente sortante du conseil national des OPC. Elle est \u00e9galement b\u00e9n\u00e9vole dans diverses organisations au niveau r\u00e9gional depuis pr\u00e8s de 20 ans.<\/p>\n<\/div>\n<\/div>\n<p><!-- Format --><\/p>\n<h2 style=\"color: #c72328; font-size: 1.35rem; font-weight: bold; margin: 26px 0 12px;\">Format du cours<\/h2>\n<p style=\"margin: 0; line-height: 1.7;\">Ce cours est offert en ligne et comprend une vid\u00e9o ainsi qu\u2019un manuel. La vid\u00e9o dure environ une heure. Vous pouvez la mettre sur pause, revenir en arri\u00e8re et la visionner de nouveau afin de bien vous impr\u00e9gner du contenu. La vid\u00e9o contient trois mots-cl\u00e9s qui doivent \u00eatre soumis via la page du cours. Une fois les mots-cl\u00e9s transmis avec succ\u00e8s, votre dossier de formation indiquera que vous avez compl\u00e9t\u00e9 le cours. Le manuel complet comprend des activit\u00e9s, du mat\u00e9riel compl\u00e9mentaire et des ressources additionnelles.<\/p>\n<p><!-- Pricing anchor --><\/p>\n<div id=\"pricing\" style=\"position: relative; top: -120px;\"><\/div>\n<h2 style=\"color: #c72328; font-size: 1.35rem; font-weight: bold; margin: 30px 0 12px;\">Investissement et inscription<\/h2>\n<div style=\"display: flex; flex-direction: column; gap: 14px; align-items: flex-start; margin-bottom: 10px;\">\n<p><a style=\"display: inline-block; min-width: 280px; padding: 12px 24px; background: #C72328; color: #ffffff !important; border-radius: 10px; font-weight: 600; text-decoration: none; text-align: center;\" href=\"https:\/\/organizersincanada.com\/fr\/paiement\/?add-to-cart=18966&#038;quantity=1\">Tarif membre 70 $<br \/>\n<\/a><\/p>\n<p><a style=\"display: inline-block; min-width: 280px; padding: 12px 24px; background: #C72328; color: #ffffff !important; border-radius: 10px; font-weight: 600; text-decoration: none; text-align: center;\" href=\"https:\/\/organizersincanada.com\/fr\/paiement\/?add-to-cart=23119&#038;quantity=1\">Tarif non-membre 98 $<br \/>\n<\/a><\/p>\n<\/div>\n<p style=\"margin: 0;\"><em>Les prix n\u2019incluent pas les taxes applicables.<\/em><\/p>\n","protected":false},"excerpt":{"rendered":"<p>Pr\u00eate \u00e0 faire passer votre entreprise en organisation au niveau sup\u00e9rieur en ma\u00eetrisant la productivit\u00e9 et la gestion du temps, pour vous-m\u00eame et pour vos clients? Optimisez votre efficacit\u00e9 et [&hellip;]<\/p>\n","protected":false},"author":2751,"featured_media":0,"parent":0,"menu_order":0,"comment_status":"closed","ping_status":"closed","template":"","meta":{"_acf_changed":false,"_genesis_hide_title":false,"_genesis_hide_breadcrumbs":false,"_genesis_hide_singular_image":false,"_genesis_hide_footer_widgets":false,"_genesis_custom_body_class":"","_genesis_custom_post_class":"","_genesis_layout":"","_price":"","_stock":"","_tribe_ticket_header":"","_tribe_default_ticket_provider":"","_tribe_ticket_capacity":"","_ticket_start_date":"","_ticket_end_date":"","_tribe_ticket_show_description":"","_tribe_ticket_show_not_going":false,"_tribe_ticket_use_global_stock":"","_tribe_ticket_global_stock_level":"","_global_stock_mode":"","_global_stock_cap":"","_tribe_rsvp_for_event":"","_tribe_ticket_going_count":"","_tribe_ticket_not_going_count":"","_tribe_tickets_list":"[]","_tribe_ticket_has_attendee_info_fields":false,"footnotes":""},"class_list":["post-25510","page","type-page","status-publish","entry"],"acf":[],"_links":{"self":[{"href":"https:\/\/organizersincanada.com\/fr\/wp-json\/wp\/v2\/pages\/25510","targetHints":{"allow":["GET"]}}],"collection":[{"href":"https:\/\/organizersincanada.com\/fr\/wp-json\/wp\/v2\/pages"}],"about":[{"href":"https:\/\/organizersincanada.com\/fr\/wp-json\/wp\/v2\/types\/page"}],"author":[{"embeddable":true,"href":"https:\/\/organizersincanada.com\/fr\/wp-json\/wp\/v2\/users\/2751"}],"replies":[{"embeddable":true,"href":"https:\/\/organizersincanada.com\/fr\/wp-json\/wp\/v2\/comments?post=25510"}],"version-history":[{"count":0,"href":"https:\/\/organizersincanada.com\/fr\/wp-json\/wp\/v2\/pages\/25510\/revisions"}],"wp:attachment":[{"href":"https:\/\/organizersincanada.com\/fr\/wp-json\/wp\/v2\/media?parent=25510"}],"curies":[{"name":"wp","href":"https:\/\/api.w.org\/{rel}","templated":true}]}}