{"id":25513,"date":"2026-03-08T13:34:58","date_gmt":"2026-03-08T17:34:58","guid":{"rendered":"https:\/\/organizersincanada.com\/informations-sur-le-cours-introduction-a-lorganisation-virtuelle\/"},"modified":"2026-04-13T21:43:34","modified_gmt":"2026-04-14T01:43:34","slug":"informations-sur-le-cours-intro-organisation-virtuelle","status":"publish","type":"page","link":"https:\/\/organizersincanada.com\/fr\/informations-sur-le-cours-intro-organisation-virtuelle\/","title":{"rendered":"Informations sur le cours: Introduction a\u0300 l\u2019organisation virtuelle"},"content":{"rendered":"<div class=\"poc-course-page\" style=\"max-width: 900px; margin: 0 auto; padding: 0 16px;\">\n<p><img decoding=\"async\" class=\"aligncenter poc-course-header\" src=\"https:\/\/organizersincanada.com\/wp-content\/uploads\/2026\/04\/Virtuelle.png\" alt=\"\" \/><\/p>\n<p><!-- Intro --><\/p>\n<p style=\"margin: 0 0 18px 0; line-height: 1.7;\">Souhaitez-vous \u00e9largir votre port\u00e9e et offrir des solutions plus flexibles \u00e0 vos clients? Ce cours est votre guide pour comprendre et mettre en \u0153uvre des services d\u2019organisation virtuelle. D\u00e9couvrez ce qu\u2019est l\u2019organisation virtuelle, d\u00e9mystifiez les id\u00e9es re\u00e7ues et explorez les avantages du travail \u00e0 distance avec vos clients. De la pr\u00e9paration des s\u00e9ances virtuelles \u00e0 l\u2019\u00e9tablissement de votre tarification, vous acquerrez les connaissances et les comp\u00e9tences n\u00e9cessaires pour lancer et d\u00e9velopper avec succ\u00e8s votre offre d\u2019organisation virtuelle.<\/p>\n<p><!-- Outcomes --><\/p>\n<div style=\"margin-top: 10px; margin-bottom: 28px;\">\n<p><a style=\"display: inline-block; padding: 12px 24px; background: #C72328; color: #ffffff; border-radius: 6px; font-weight: 600; text-decoration: none; margin-bottom: 18px;\" href=\"#pricing\">S\u2019inscrire maintenant<\/a><\/p>\n<h2 style=\"color: #c72328; font-size: 1.35rem; font-weight: bold; margin: 26px 0 12px;\">Ce cours vous aidera \u00e0 :<\/h2>\n<ul style=\"margin: 0 0 18px 22px; padding: 0;\">\n<li>D\u00e9finir les avantages et d\u00e9savantages de l\u2019organisation virtuelle<\/li>\n<li>\u00c9num\u00e9rer les similitudes et diff\u00e9rences entre l\u2019organisation virtuelle ou en personne<\/li>\n<li>\u00c9laborer les marches \u00e0 suivre pour offrir l\u2019organisation virtuelle<\/li>\n<li>Utiliser une \u00e9tude de cas pour expliquer le processus de l\u2019organisation virtuelle<\/li>\n<li>Identifier les pratiques d\u2019affaire et le d\u00e9veloppement professionnel pour les<br \/>\norganisatrices virtuelles<\/li>\n<\/ul>\n<h2 style=\"color: #c72328; font-size: 1.35rem; font-weight: bold; margin: 26px 0 12px;\">Pourquoi choisir ce cours ?<\/h2>\n<p style=\"margin: 0; line-height: 1.6; color: #6b7280;\">Ce cours d\u00e9voile les bases n\u00e9cessaires pour offrir avec confiance des services d\u2019organisation virtuelle. Vous apprendrez \u00e0 tirer parti de la technologie pour cr\u00e9er des liens avec vos clients, offrir un accompagnement efficace et obtenir des r\u00e9sultats concrets, tout en d\u00e9veloppant votre entreprise et en rejoignant un public plus large.<\/p>\n<div style=\"margin-top: 18px; overflow: auto;\">\n<p><img loading=\"lazy\" decoding=\"async\" class=\"alignleft\" src=\"https:\/\/organizersincanada.com\/wp-content\/uploads\/2026\/02\/4.png\" alt=\"\" width=\"65\" height=\"65\" \/><\/p>\n<p style=\"margin: 0; line-height: 1.6;\">Les cours identifi\u00e9s par cette ic\u00f4ne sont des cours au choix. Deux cours au choix sont requis pour \u00eatre admissible \u00e0 l\u2019examen du <a href=\"https:\/\/organizersincanada.com\/fr\/formation-et-evenements\/programme-de-formation-en-organisation-professionnelle-fop\/\"><i>Programme de formation en organisation professionnelle (FOP)<\/i><\/a>.<\/p>\n<\/div>\n<\/div>\n<p><!-- Testimonials --><\/p>\n<div style=\"background: rgba(199,35,40,0.08); padding: 32px 24px; border-radius: 8px; margin: 34px 0;\">\n<h2 style=\"color: #c72328; font-size: 1.35rem; font-weight: bold; margin: 0 0 14px;\">Ce que les \u00e9tudiantes disent<\/h2>\n<div style=\"display: flex; flex-wrap: wrap; gap: 24px; margin-top: 20px;\">\n<div style=\"background: #ffffff; border-radius: 8px; padding: 20px; box-shadow: 0 4px 10px rgba(0,0,0,0.04); flex: 1 1 320px;\">\n<p style=\"margin: 0; font-style: italic;\">\u00ab La comparaison entre l\u2019organisation en personne et virtuelle m\u2019a ouvert les yeux. J\u2019ai compris comment adapter mes m\u00e9thodes, surtout pour b\u00e2tir la confiance \u00e0 distance. \u00bb<\/p>\n<\/div>\n<div style=\"background: #ffffff; border-radius: 8px; padding: 20px; box-shadow: 0 4px 10px rgba(0,0,0,0.04); flex: 1 1 320px;\">\n<p style=\"margin: 0; font-style: italic;\">\u00ab L\u2019\u00e9tude de cas sur la gestion de la paperasse a \u00e9t\u00e9 un d\u00e9clic. J\u2019ai pu reproduire exactement ces \u00e9tapes avec une cliente. \u00bb<\/p>\n<\/div>\n<\/div>\n<\/div>\n<p><!-- Presenter --><\/p>\n<h2 style=\"color: #c72328; font-size: 1.35rem; font-weight: bold; margin: 26px 0 12px;\">Formatrice : Edith Dandenault<\/h2>\n<div style=\"display: flex; flex-wrap: wrap; gap: 20px; align-items: flex-start;\">\n<div style=\"flex: 0 0 180px;\"><img loading=\"lazy\" decoding=\"async\" style=\"max-width: 100%; height: auto; display: block;\" src=\"https:\/\/organizersincanada.com\/wp-content\/uploads\/2025\/09\/EdithDandenault-225x300.png\" alt=\"Edith Dandenault\" width=\"225\" height=\"300\" \/><\/div>\n<div style=\"flex: 1 1 260px;\">\n<p style=\"margin-top: 0; text-align: left;\">Edith est membre de l\u2019association des Organisateurs professionnels au Canada depuis 2005 et formatrice de cours depuis 2018. Elle est une enseignante certifi\u00e9e, titulaire d&#8217;une licence en \u00e9ducation, et poss\u00e8de une grande exp\u00e9rience en enseignement dans plusieurs langues. Elle est \u00e9galement titulaire d&#8217;une ma\u00eetrise en linguistique et psychologie appliqu\u00e9es.<\/p>\n<p style=\"text-align: left;\">Edith aide ses clients \u00e0 g\u00e9rer les transitions et ainsi \u00e0 mieux comprendre la psychologie de la s\u00e9paration, du deuil et de la perte. Elle a \u00e9t\u00e9 organisatrice dans six pays diff\u00e9rents, employant six langues diff\u00e9rentes \u00e0 travers le monde. Elle a cr\u00e9\u00e9 les outils n\u00e9cessaires pour soutenir et expliquer pleinement ce que nous faisons en tant qu\u2019organisatrices. Chaque heure d&#8217;\u00e9tude avec elle vous rapprochera de votre objectif d&#8217;une carri\u00e8re \u00e9panouissante en tant qu&#8217;organisatrice professionnelle.<\/p>\n<\/div>\n<\/div>\n<p><!-- Format --><\/p>\n<h2 style=\"color: #c72328; font-size: 1.35rem; font-weight: bold; margin: 26px 0 12px;\">Format du cours<\/h2>\n<p style=\"margin: 0; line-height: 1.7;\">Ce cours est offert en ligne et comprend une vid\u00e9o ainsi qu\u2019un manuel. La vid\u00e9o dure environ une heure. Vous pouvez la mettre sur pause, revenir en arri\u00e8re et la visionner de nouveau afin de bien vous impr\u00e9gner du contenu. La vid\u00e9o contient trois mots-cl\u00e9s qui doivent \u00eatre soumis via la page du cours. Une fois les mots-cl\u00e9s transmis avec succ\u00e8s, votre dossier de formation indiquera que vous avez compl\u00e9t\u00e9 le cours. Le manuel complet comprend des activit\u00e9s, du mat\u00e9riel compl\u00e9mentaire et des ressources additionnelles.<\/p>\n<p><!-- Pricing anchor --><\/p>\n<div id=\"pricing\" style=\"position: relative; top: -120px;\"><\/div>\n<h2 style=\"color: #c72328; font-size: 1.35rem; font-weight: bold; margin: 30px 0 12px;\">Investissement et inscription<\/h2>\n<div style=\"display: flex; flex-direction: column; gap: 14px; align-items: flex-start; margin-bottom: 10px;\">\n<p><a style=\"display: inline-block; min-width: 280px; padding: 12px 24px; background: #C72328; color: #ffffff !important; border-radius: 10px; font-weight: 600; text-decoration: none; text-align: center;\" href=\"https:\/\/organizersincanada.com\/fr\/paiement\/?add-to-cart=19073&#038;quantity=1\">Tarif membre 70 $<br \/>\n<\/a><\/p>\n<p><a style=\"display: inline-block; min-width: 280px; padding: 12px 24px; background: #C72328; color: #ffffff !important; border-radius: 10px; font-weight: 600; text-decoration: none; text-align: center;\" href=\"https:\/\/organizersincanada.com\/fr\/paiement\/?add-to-cart=23120&#038;quantity=1\">Tarif non-membre 98 $<br \/>\n<\/a><\/p>\n<\/div>\n<p style=\"margin: 0;\"><em>Les prix n\u2019incluent pas les taxes applicables.<\/em><\/p>\n<\/div>\n","protected":false},"excerpt":{"rendered":"<p>Souhaitez-vous \u00e9largir votre port\u00e9e et offrir des solutions plus flexibles \u00e0 vos clients? Ce cours est votre guide pour comprendre et mettre en \u0153uvre des services d\u2019organisation virtuelle. D\u00e9couvrez ce [&hellip;]<\/p>\n","protected":false},"author":2751,"featured_media":0,"parent":0,"menu_order":0,"comment_status":"closed","ping_status":"closed","template":"","meta":{"_acf_changed":false,"_genesis_hide_title":false,"_genesis_hide_breadcrumbs":false,"_genesis_hide_singular_image":false,"_genesis_hide_footer_widgets":false,"_genesis_custom_body_class":"","_genesis_custom_post_class":"","_genesis_layout":"","_price":"","_stock":"","_tribe_ticket_header":"","_tribe_default_ticket_provider":"","_tribe_ticket_capacity":"","_ticket_start_date":"","_ticket_end_date":"","_tribe_ticket_show_description":"","_tribe_ticket_show_not_going":false,"_tribe_ticket_use_global_stock":"","_tribe_ticket_global_stock_level":"","_global_stock_mode":"","_global_stock_cap":"","_tribe_rsvp_for_event":"","_tribe_ticket_going_count":"","_tribe_ticket_not_going_count":"","_tribe_tickets_list":"[]","_tribe_ticket_has_attendee_info_fields":false,"footnotes":""},"class_list":["post-25513","page","type-page","status-publish","entry"],"acf":[],"_links":{"self":[{"href":"https:\/\/organizersincanada.com\/fr\/wp-json\/wp\/v2\/pages\/25513","targetHints":{"allow":["GET"]}}],"collection":[{"href":"https:\/\/organizersincanada.com\/fr\/wp-json\/wp\/v2\/pages"}],"about":[{"href":"https:\/\/organizersincanada.com\/fr\/wp-json\/wp\/v2\/types\/page"}],"author":[{"embeddable":true,"href":"https:\/\/organizersincanada.com\/fr\/wp-json\/wp\/v2\/users\/2751"}],"replies":[{"embeddable":true,"href":"https:\/\/organizersincanada.com\/fr\/wp-json\/wp\/v2\/comments?post=25513"}],"version-history":[{"count":0,"href":"https:\/\/organizersincanada.com\/fr\/wp-json\/wp\/v2\/pages\/25513\/revisions"}],"wp:attachment":[{"href":"https:\/\/organizersincanada.com\/fr\/wp-json\/wp\/v2\/media?parent=25513"}],"curies":[{"name":"wp","href":"https:\/\/api.w.org\/{rel}","templated":true}]}}