{"id":72,"date":"2021-02-04T23:19:24","date_gmt":"2021-02-04T23:19:24","guid":{"rendered":"https:\/\/poc.rushedfortime.com\/?page_id=72"},"modified":"2025-09-08T14:05:51","modified_gmt":"2025-09-08T18:05:51","slug":"adhesion-a-titre-de-membre-associe","status":"publish","type":"page","link":"https:\/\/organizersincanada.com\/fr\/devenir-membre\/adhesion-a-titre-de-membre-associe\/","title":{"rendered":"Adh\u00e9sion \u00e0 titre de membre associ\u00e9"},"content":{"rendered":"","protected":false},"excerpt":{"rendered":"","protected":false},"author":2935,"featured_media":0,"parent":52,"menu_order":0,"comment_status":"closed","ping_status":"closed","template":"Template-Interior-Page.php","meta":{"_acf_changed":false,"_genesis_hide_title":false,"_genesis_hide_breadcrumbs":false,"_genesis_hide_singular_image":false,"_genesis_hide_footer_widgets":false,"_genesis_custom_body_class":"","_genesis_custom_post_class":"","_genesis_layout":"","_price":"","_stock":"","_tribe_ticket_header":"","_tribe_default_ticket_provider":"","_tribe_ticket_capacity":"0","_ticket_start_date":"","_ticket_end_date":"","_tribe_ticket_show_description":"","_tribe_ticket_show_not_going":false,"_tribe_ticket_use_global_stock":"","_tribe_ticket_global_stock_level":"","_global_stock_mode":"","_global_stock_cap":"","_tribe_rsvp_for_event":"","_tribe_ticket_going_count":"","_tribe_ticket_not_going_count":"","_tribe_tickets_list":"[]","_tribe_ticket_has_attendee_info_fields":false,"footnotes":""},"class_list":["post-72","page","type-page","status-publish","entry"],"acf":[],"_links":{"self":[{"href":"https:\/\/organizersincanada.com\/fr\/wp-json\/wp\/v2\/pages\/72","targetHints":{"allow":["GET"]}}],"collection":[{"href":"https:\/\/organizersincanada.com\/fr\/wp-json\/wp\/v2\/pages"}],"about":[{"href":"https:\/\/organizersincanada.com\/fr\/wp-json\/wp\/v2\/types\/page"}],"author":[{"embeddable":true,"href":"https:\/\/organizersincanada.com\/fr\/wp-json\/wp\/v2\/users\/2935"}],"replies":[{"embeddable":true,"href":"https:\/\/organizersincanada.com\/fr\/wp-json\/wp\/v2\/comments?post=72"}],"version-history":[{"count":0,"href":"https:\/\/organizersincanada.com\/fr\/wp-json\/wp\/v2\/pages\/72\/revisions"}],"up":[{"embeddable":true,"href":"https:\/\/organizersincanada.com\/fr\/wp-json\/wp\/v2\/pages\/52"}],"wp:attachment":[{"href":"https:\/\/organizersincanada.com\/fr\/wp-json\/wp\/v2\/media?parent=72"}],"curies":[{"name":"wp","href":"https:\/\/api.w.org\/{rel}","templated":true}]}}